{"id":1013,"date":"2018-08-28T13:57:38","date_gmt":"2018-08-28T13:57:38","guid":{"rendered":"http:\/\/www.encontrasaoluisma.com.br\/sobre\/?page_id=1013"},"modified":"2019-11-25T16:32:21","modified_gmt":"2019-11-25T16:32:21","slug":"tracoa-sao-luis","status":"publish","type":"page","link":"https:\/\/www.encontrasaoluisma.com.br\/sobre\/tracoa-sao-luis\/","title":{"rendered":"Traco\u00e1 S\u00e3o Lu\u00eds"},"content":{"rendered":"<div class=\"b2725ec362a26ac90450d31a667f90fe\" data-index=\"1\" style=\"float: none; margin:0px;\">\n<!-- Anuncio display - global -->\r\n<ins class=\"adsbygoogle\"\r\n     style=\"display:block\"\r\n     data-ad-client=\"ca-pub-8585364105181520\"\r\n     data-ad-slot=\"8789329856\"\r\n     data-ad-format=\"auto\"\r\n     data-full-width-responsive=\"true\"><\/ins>\r\n<script>\r\n     (adsbygoogle = window.adsbygoogle || []).push({});\r\n<\/script>\n<\/div>\n<p>O Caf\u00e9 &amp; Viveiro <strong>Traco\u00e1 S\u00e3o Luis<\/strong> \u00e9 um recanto de paz onde voc\u00ea e sua fam\u00edlia podem aproveitar o dia para relaxar em meio a um amplo e belo jardim.<\/p>\n<p>O Traco\u00e1 conta com um parquinho r\u00fastico infantil, um restaurante com vista para o jardim, fontes d&#8217;agua, laguinhos com peixes ornamentais, viveiros de pequenos animais, aqu\u00e1rios, um lago com patinhos e v\u00e1rios atrativos para voc\u00ea apreciar a natureza.<\/p>\n<p><img loading=\"lazy\" decoding=\"async\" class=\"alignnone wp-image-1014 size-full\" title=\"Traco\u00e1 S\u00e3o Lu\u00eds\" src=\"http:\/\/www.encontrasaoluisma.com.br\/sobre\/wp-content\/uploads\/2018\/08\/tracoa-sao-luis.gif\" alt=\"Traco\u00e1 S\u00e3o Lu\u00eds\" width=\"680\" height=\"189\" \/><\/p>\n<h2>Traco\u00e1\u00a0S\u00e3o Lu\u00eds\u00a0Caf\u00e9 da Manh\u00e3<\/h2>\n<p>O caf\u00e9 da manh\u00e3 do Viveiro Traco\u00e1 \u00e9 self-service. As op\u00e7\u00f5es s\u00e3o geralmente pratos nordestinos, como cuscuz e tapioca, mas tem bolos, frutas, sandu\u00edches, ovos e muitas coisas mais.<\/p>\n<h3>Hor\u00e1rio de Funcionamento\u00a0Viveiro Traco\u00e1 em S\u00e3o Lu\u00eds<\/h3>\n<ul>\n<li>Segunda a Sexta das 07h \u00e0s 11h e das 13h \u00e0s 16h \/ S\u00e1bado e Domingo das 11h \u00e0s 16h<\/li>\n<\/ul>\n<h3>Endere\u00e7o e Telefone Traco\u00e1 em S\u00e3o Lu\u00eds<\/h3>\n<ul>\n<li>Estrada de S\u00e3o Jos\u00e9 de Ribamar, Km 12, 200 &#8211; Pinda\u00ed &#8211; S\u00e3o Jos\u00e9 de Ribamar &#8211; MA<\/li>\n<li>Telefone: (98) 98901-3491<\/li>\n<\/ul>\n<h4>Outras informa\u00e7\u00f5es e site<\/h4>\n<ul>\n<li>Mais informa\u00e7\u00f5es:\u00a0<a href=\"http:\/\/viveirotracoa.com.br\/\" target=\"_blank\" rel=\"noopener noreferrer\">www.viveirotracoa.com.br<\/a><\/li>\n<\/ul>\n<h4>Mapa de localiza\u00e7\u00e3o<\/h4>\n<a class=\"wp-colorbox-iframe\" href=\"https:\/\/www.google.com\/maps\/embed?pb=!1m14!1m8!1m3!1d15943.462913050613!2d-44.1232559!3d-2.550574!3m2!1i1024!2i768!4f13.1!3m3!1m2!1s0x00x6e05822bbc058172!2sViveiro+Traco!5e0!3m2!1spt-BR!2sbr!4v1535464452818\"><img decoding=\"async\" src=\"http:\/\/www.encontrasaoluisma.com.br\/imgs\/maps-post.png\"><\/a>\n\n<div style=\"font-size: 0px; height: 0px; line-height: 0px; margin: 0; padding: 0; clear: both;\"><\/div>","protected":false},"excerpt":{"rendered":"<p>O Caf\u00e9 &amp; Viveiro Traco\u00e1 S\u00e3o Luis \u00e9 um recanto de paz onde voc\u00ea e sua fam\u00edlia podem aproveitar o dia para relaxar em meio a um amplo e belo jardim. O Traco\u00e1 conta com um parquinho r\u00fastico infantil, um restaurante com vista para o jardim, fontes d&#8217;agua, laguinhos com peixes ornamentais, viveiros de pequenos animais, aqu\u00e1rios, um lago com patinhos e v\u00e1rios atrativos para voc\u00ea apreciar a natureza. Traco\u00e1\u00a0S\u00e3o Lu\u00eds\u00a0Caf\u00e9 da Manh\u00e3 O caf\u00e9 da manh\u00e3 do Viveiro Traco\u00e1 \u00e9 self-service. As op\u00e7\u00f5es s\u00e3o geralmente pratos nordestinos, como cuscuz e tapioca, mas tem bolos, frutas, sandu\u00edches, ovos e muitas <\/p>\n","protected":false},"author":1,"featured_media":0,"parent":0,"menu_order":0,"comment_status":"closed","ping_status":"closed","template":"","meta":{"footnotes":""},"class_list":["post-1013","page","type-page","status-publish","hentry"],"_links":{"self":[{"href":"https:\/\/www.encontrasaoluisma.com.br\/sobre\/wp-json\/wp\/v2\/pages\/1013","targetHints":{"allow":["GET"]}}],"collection":[{"href":"https:\/\/www.encontrasaoluisma.com.br\/sobre\/wp-json\/wp\/v2\/pages"}],"about":[{"href":"https:\/\/www.encontrasaoluisma.com.br\/sobre\/wp-json\/wp\/v2\/types\/page"}],"author":[{"embeddable":true,"href":"https:\/\/www.encontrasaoluisma.com.br\/sobre\/wp-json\/wp\/v2\/users\/1"}],"replies":[{"embeddable":true,"href":"https:\/\/www.encontrasaoluisma.com.br\/sobre\/wp-json\/wp\/v2\/comments?post=1013"}],"version-history":[{"count":4,"href":"https:\/\/www.encontrasaoluisma.com.br\/sobre\/wp-json\/wp\/v2\/pages\/1013\/revisions"}],"predecessor-version":[{"id":2294,"href":"https:\/\/www.encontrasaoluisma.com.br\/sobre\/wp-json\/wp\/v2\/pages\/1013\/revisions\/2294"}],"wp:attachment":[{"href":"https:\/\/www.encontrasaoluisma.com.br\/sobre\/wp-json\/wp\/v2\/media?parent=1013"}],"curies":[{"name":"wp","href":"https:\/\/api.w.org\/{rel}","templated":true}]}}