{"id":1108,"date":"2018-09-11T10:19:20","date_gmt":"2018-09-11T10:19:20","guid":{"rendered":"http:\/\/www.encontrasaoluisma.com.br\/sobre\/?page_id=1108"},"modified":"2019-12-15T09:01:49","modified_gmt":"2019-12-15T09:01:49","slug":"praia-do-amor-sao-luis","status":"publish","type":"page","link":"https:\/\/www.encontrasaoluisma.com.br\/sobre\/praia-do-amor-sao-luis\/","title":{"rendered":"Praia do Amor S\u00e3o Lu\u00eds"},"content":{"rendered":"<div class=\"b2725ec362a26ac90450d31a667f90fe\" data-index=\"1\" style=\"float: none; margin:0px;\">\n<!-- Anuncio display - global -->\r\n<ins class=\"adsbygoogle\"\r\n     style=\"display:block\"\r\n     data-ad-client=\"ca-pub-8585364105181520\"\r\n     data-ad-slot=\"8789329856\"\r\n     data-ad-format=\"auto\"\r\n     data-full-width-responsive=\"true\"><\/ins>\r\n<script>\r\n     (adsbygoogle = window.adsbygoogle || []).push({});\r\n<\/script>\n<\/div>\n<p>Amor \u00e9 a palavra que melhor caracteriza uma praia pouco conhecida na regi\u00e3o Itaqui\u00a0Bacanga. Distante pouco mais de 6 km do Anjo da Guarda, o acesso s\u00f3 pode\u00a0ser feito via BR 135, pr\u00f3ximo \u00e0 entrada do Terminal da Ponta da Espera.\u00a0Por estar localizada em \u00e1rea militar, o acesso s\u00f3 pode ser feito nos hor\u00e1rios\u00a0entre 9h e 17h, aos s\u00e1bados, domingos e feriados.<\/p>\n<p>Ap\u00f3s uma pequena caminhada\u00a0pela mata, o visitante \u00e9 agraciado com uma das melhores vistas da Ba\u00eda de S\u00e3o Marcos. Conhe\u00e7a a <strong>Praia do Amor S\u00e3o Luis.<\/strong><\/p>\n<p><img loading=\"lazy\" decoding=\"async\" class=\"alignnone wp-image-1109 size-full\" title=\"Praia do Amor S\u00e3o Lu\u00eds\" src=\"http:\/\/www.encontrasaoluisma.com.br\/sobre\/wp-content\/uploads\/2018\/09\/praia-do-amor-sao-luis.gif\" alt=\"Praia do Amor S\u00e3o Lu\u00eds\" width=\"680\" height=\"189\" \/><\/p>\n<p>O acesso \u00e9 feito pela BR135, seguindo pela estrada que d\u00e1 acesso ao Terminal Hidrovi\u00e1rio Ponta da Espera. Fica h\u00e1 aproximadamente 6km do bairro Anjo da Guarda. Fica em uma \u00e1rea de reserva da marinha, sendo necess\u00e1rio deixar o carro no port\u00e3o de entrada e caminhar por cerca de 1km.<\/p>\n<h2>Praia do Amor S\u00e3o Luis Fotos<\/h2>\n<p><img loading=\"lazy\" decoding=\"async\" class=\"alignnone size-full wp-image-2362\" src=\"https:\/\/www.encontrasaoluisma.com.br\/sobre\/wp-content\/uploads\/2018\/09\/praia-do-amor.gif\" alt=\"\" width=\"898\" height=\"436\" \/><\/p>\n<h4>Mapa de localiza\u00e7\u00e3o<\/h4>\n<a class=\"wp-colorbox-iframe\" href=\"https:\/\/www.google.com\/maps\/embed?pb=!1m18!1m12!1m3!1d31887.3721347754!2d-44.35942073271771!3d-2.5325071318962413!2m3!1f0!2f0!3f0!3m2!1i1024!2i768!4f13.1!3m3!1m2!1s0x7f68902ccf76b090x3be02bc55950c539!2sPraia+do+Amor!5e0!3m2!1spt-BR!2sbr!4v1536660975221\"><img decoding=\"async\" src=\"http:\/\/www.encontrasaoluisma.com.br\/imgs\/maps-post.png\"><\/a>\n\n<div style=\"font-size: 0px; height: 0px; line-height: 0px; margin: 0; padding: 0; clear: both;\"><\/div>","protected":false},"excerpt":{"rendered":"<p>Amor \u00e9 a palavra que melhor caracteriza uma praia pouco conhecida na regi\u00e3o Itaqui\u00a0Bacanga. Distante pouco mais de 6 km do Anjo da Guarda, o acesso s\u00f3 pode\u00a0ser feito via BR 135, pr\u00f3ximo \u00e0 entrada do Terminal da Ponta da Espera.\u00a0Por estar localizada em \u00e1rea militar, o acesso s\u00f3 pode ser feito nos hor\u00e1rios\u00a0entre 9h e 17h, aos s\u00e1bados, domingos e feriados. Ap\u00f3s uma pequena caminhada\u00a0pela mata, o visitante \u00e9 agraciado com uma das melhores vistas da Ba\u00eda de S\u00e3o Marcos. Conhe\u00e7a a Praia do Amor S\u00e3o Luis. O acesso \u00e9 feito pela BR135, seguindo pela estrada que d\u00e1 acesso <\/p>\n","protected":false},"author":1,"featured_media":0,"parent":0,"menu_order":0,"comment_status":"closed","ping_status":"closed","template":"","meta":{"footnotes":""},"class_list":["post-1108","page","type-page","status-publish","hentry"],"_links":{"self":[{"href":"https:\/\/www.encontrasaoluisma.com.br\/sobre\/wp-json\/wp\/v2\/pages\/1108","targetHints":{"allow":["GET"]}}],"collection":[{"href":"https:\/\/www.encontrasaoluisma.com.br\/sobre\/wp-json\/wp\/v2\/pages"}],"about":[{"href":"https:\/\/www.encontrasaoluisma.com.br\/sobre\/wp-json\/wp\/v2\/types\/page"}],"author":[{"embeddable":true,"href":"https:\/\/www.encontrasaoluisma.com.br\/sobre\/wp-json\/wp\/v2\/users\/1"}],"replies":[{"embeddable":true,"href":"https:\/\/www.encontrasaoluisma.com.br\/sobre\/wp-json\/wp\/v2\/comments?post=1108"}],"version-history":[{"count":3,"href":"https:\/\/www.encontrasaoluisma.com.br\/sobre\/wp-json\/wp\/v2\/pages\/1108\/revisions"}],"predecessor-version":[{"id":2363,"href":"https:\/\/www.encontrasaoluisma.com.br\/sobre\/wp-json\/wp\/v2\/pages\/1108\/revisions\/2363"}],"wp:attachment":[{"href":"https:\/\/www.encontrasaoluisma.com.br\/sobre\/wp-json\/wp\/v2\/media?parent=1108"}],"curies":[{"name":"wp","href":"https:\/\/api.w.org\/{rel}","templated":true}]}}