{"id":1154,"date":"2018-09-11T17:30:06","date_gmt":"2018-09-11T17:30:06","guid":{"rendered":"http:\/\/www.encontrasaoluisma.com.br\/sobre\/?page_id=1154"},"modified":"2019-12-21T18:09:18","modified_gmt":"2019-12-21T18:09:18","slug":"restaurante-popular-sao-luis","status":"publish","type":"page","link":"https:\/\/www.encontrasaoluisma.com.br\/sobre\/restaurante-popular-sao-luis\/","title":{"rendered":"Restaurante Popular S\u00e3o Luis"},"content":{"rendered":"<div class=\"b2725ec362a26ac90450d31a667f90fe\" data-index=\"1\" style=\"float: none; margin:0px;\">\n<!-- Anuncio display - global -->\r\n<ins class=\"adsbygoogle\"\r\n     style=\"display:block\"\r\n     data-ad-client=\"ca-pub-8585364105181520\"\r\n     data-ad-slot=\"8789329856\"\r\n     data-ad-format=\"auto\"\r\n     data-full-width-responsive=\"true\"><\/ins>\r\n<script>\r\n     (adsbygoogle = window.adsbygoogle || []).push({});\r\n<\/script>\n<\/div>\n<p>Os Restaurantes Populares atendem mais de 13 mil pessoas diariamente e s\u00e3o parte da estrat\u00e9gia do Governo do Maranh\u00e3o para promover a seguran\u00e7a alimentar.<\/p>\n<p>Assim como as Cozinhas Comunit\u00e1rias, eles s\u00e3o os chamados equipamentos p\u00fablicos de alimenta\u00e7\u00e3o e nutri\u00e7\u00e3o e integram a Rede Operacional do Sistema Nacional de Seguran\u00e7a Alimentar e Nutricional. Veja mais informa\u00e7\u00f5es sobre o <strong>Restaurante Popular S\u00e3o Luis.<\/strong><\/p>\n<p><img loading=\"lazy\" decoding=\"async\" class=\"alignnone wp-image-1155 size-full\" title=\"Restaurante Popular S\u00e3o Luis\" src=\"http:\/\/www.encontrasaoluisma.com.br\/sobre\/wp-content\/uploads\/2018\/09\/restaurante-popular-sao-luis.gif\" alt=\"Restaurante Popular S\u00e3o Luis\" width=\"680\" height=\"189\" \/><\/p>\n<h3>Hor\u00e1rio de Funcionamento Restaurante Popular em S\u00e3o Lu\u00eds<\/h3>\n<ul>\n<li><strong>Timbiras:<\/strong> Segunda a Sexta das 11h \u00e0s 14h30<\/li>\n<li><strong>S\u00e3o Francisco:<\/strong> Segunda a Sexta das 11h \u00e0s 20h<\/li>\n<li><strong>Camboa:<\/strong> Segunda a Sexta das\u00a011h \u00e0s 14h30<\/li>\n<li><strong>Turu:\u00a0<\/strong>Segunda a Sexta das\u00a011h \u00e0s 14h30 e das 18h \u00e0s 19h30<\/li>\n<li><strong>Anjo da Guarda:\u00a0<\/strong>Segunda a Sexta das\u00a011h \u00e0s 14h30<\/li>\n<\/ul>\n<h3>Endere\u00e7o e Telefone Restaurante Popular em S\u00e3o Lu\u00eds<\/h3>\n<ul>\n<li><strong>Timbiras:<\/strong> Av. dos Africanos , s\/n<\/li>\n<li><strong>S\u00e3o Francisco:\u00a0<\/strong>Tv. Ben\u00edcio Fontenele, 220<\/li>\n<li><strong>Camboa:<\/strong>\u00a0Av. Camboa, S\/N<\/li>\n<li><strong>Turu:\u00a0<\/strong>Av. Sol Nascente, 376<\/li>\n<li><strong>Anjo da Guarda:\u00a0<\/strong>R. M\u00e9xico, 379<\/li>\n<\/ul>\n<h4>Mapa de localiza\u00e7\u00e3o Timbiras<\/h4>\n<a class=\"wp-colorbox-iframe\" href=\"https:\/\/www.google.com\/maps\/embed?pb=!1m18!1m12!1m3!1d3985.8568236375067!2d-44.27648818524395!3d-2.553445898139447!2m3!1f0!2f0!3f0!3m2!1i1024!2i768!4f13.1!3m3!1m2!1s0x7f68fbd42c244510x4f1fcab4cc7b427!2sAv.+dos+Africanos+So+Lus+-+MA+65065-545!5e0!3m2!1spt-BR!2sbr!4v1536686748763\"><img decoding=\"async\" src=\"http:\/\/www.encontrasaoluisma.com.br\/imgs\/maps-post.png\"><\/a>\n\n<div style=\"font-size: 0px; height: 0px; line-height: 0px; margin: 0; padding: 0; clear: both;\"><\/div>","protected":false},"excerpt":{"rendered":"<p>Os Restaurantes Populares atendem mais de 13 mil pessoas diariamente e s\u00e3o parte da estrat\u00e9gia do Governo do Maranh\u00e3o para promover a seguran\u00e7a alimentar. Assim como as Cozinhas Comunit\u00e1rias, eles s\u00e3o os chamados equipamentos p\u00fablicos de alimenta\u00e7\u00e3o e nutri\u00e7\u00e3o e integram a Rede Operacional do Sistema Nacional de Seguran\u00e7a Alimentar e Nutricional. Veja mais informa\u00e7\u00f5es sobre o Restaurante Popular S\u00e3o Luis. Hor\u00e1rio de Funcionamento Restaurante Popular em S\u00e3o Lu\u00eds Timbiras: Segunda a Sexta das 11h \u00e0s 14h30 S\u00e3o Francisco: Segunda a Sexta das 11h \u00e0s 20h Camboa: Segunda a Sexta das\u00a011h \u00e0s 14h30 Turu:\u00a0Segunda a Sexta das\u00a011h \u00e0s 14h30 e <\/p>\n","protected":false},"author":1,"featured_media":0,"parent":0,"menu_order":0,"comment_status":"closed","ping_status":"closed","template":"","meta":{"footnotes":""},"class_list":["post-1154","page","type-page","status-publish","hentry"],"_links":{"self":[{"href":"https:\/\/www.encontrasaoluisma.com.br\/sobre\/wp-json\/wp\/v2\/pages\/1154","targetHints":{"allow":["GET"]}}],"collection":[{"href":"https:\/\/www.encontrasaoluisma.com.br\/sobre\/wp-json\/wp\/v2\/pages"}],"about":[{"href":"https:\/\/www.encontrasaoluisma.com.br\/sobre\/wp-json\/wp\/v2\/types\/page"}],"author":[{"embeddable":true,"href":"https:\/\/www.encontrasaoluisma.com.br\/sobre\/wp-json\/wp\/v2\/users\/1"}],"replies":[{"embeddable":true,"href":"https:\/\/www.encontrasaoluisma.com.br\/sobre\/wp-json\/wp\/v2\/comments?post=1154"}],"version-history":[{"count":4,"href":"https:\/\/www.encontrasaoluisma.com.br\/sobre\/wp-json\/wp\/v2\/pages\/1154\/revisions"}],"predecessor-version":[{"id":2379,"href":"https:\/\/www.encontrasaoluisma.com.br\/sobre\/wp-json\/wp\/v2\/pages\/1154\/revisions\/2379"}],"wp:attachment":[{"href":"https:\/\/www.encontrasaoluisma.com.br\/sobre\/wp-json\/wp\/v2\/media?parent=1154"}],"curies":[{"name":"wp","href":"https:\/\/api.w.org\/{rel}","templated":true}]}}