{"id":1172,"date":"2018-09-17T08:52:00","date_gmt":"2018-09-17T08:52:00","guid":{"rendered":"http:\/\/www.encontrasaoluisma.com.br\/sobre\/?page_id=1172"},"modified":"2020-01-03T08:50:08","modified_gmt":"2020-01-03T08:50:08","slug":"hemomar-sao-luis","status":"publish","type":"page","link":"https:\/\/www.encontrasaoluisma.com.br\/sobre\/hemomar-sao-luis\/","title":{"rendered":"Hemomar S\u00e3o Luis"},"content":{"rendered":"<div class=\"b2725ec362a26ac90450d31a667f90fe\" data-index=\"1\" style=\"float: none; margin:0px;\">\n<!-- Anuncio display - global -->\r\n<ins class=\"adsbygoogle\"\r\n     style=\"display:block\"\r\n     data-ad-client=\"ca-pub-8585364105181520\"\r\n     data-ad-slot=\"8789329856\"\r\n     data-ad-format=\"auto\"\r\n     data-full-width-responsive=\"true\"><\/ins>\r\n<script>\r\n     (adsbygoogle = window.adsbygoogle || []).push({});\r\n<\/script>\n<\/div>\n<p><strong>Hemomar S\u00e3o Luis<\/strong> o banco de sangue da cidade. Com atendimento cordial e r\u00e1pido, o Hemomar recebe voc\u00ea com todo carinho para ajudar a salvar vidas!<\/p>\n<p><img loading=\"lazy\" decoding=\"async\" class=\"alignnone wp-image-1173 size-full\" title=\"Hemomar S\u00e3o Luis\" src=\"http:\/\/www.encontrasaoluisma.com.br\/sobre\/wp-content\/uploads\/2018\/09\/hemomar-sao-luis.gif\" alt=\"Hemomar S\u00e3o Luis\" width=\"680\" height=\"189\" \/><\/p>\n<h2>Hemomar\u00a0S\u00e3o Lu\u00eds\u00a0Requisitos para Doa\u00e7\u00e3o de Sangue<\/h2>\n<p>Existem alguns <em>requisitos<\/em> b\u00e1sicos para que seja poss\u00edvel efetuar uma <em>doa\u00e7\u00e3o de sangue<\/em>, s\u00e3o eles:<\/p>\n<ul dir=\"ltr\">\n<li>Estar em boas condi\u00e7\u00f5es gerais de sa\u00fade;<\/li>\n<li>Estar descansado;<\/li>\n<li>Ter entre 16 e 69 anos, desde que a primeira doa\u00e7\u00e3o tenha sido feito at\u00e9 os 60 anos de idade;<\/li>\n<li>Pesar mais de 50kg;<\/li>\n<li>Estar alimentado. \u00c9 importante ter feito uma alimenta\u00e7\u00e3o saud\u00e1vel antes da doa\u00e7\u00e3o, por isso evite alimentos gordurosos e, ap\u00f3s o almo\u00e7o, aguarde 2 horas para doar;<\/li>\n<li>Portar documento oficial com foto;<\/li>\n<li>Respeitar o intervalo m\u00ednimo entre as doa\u00e7\u00f5es;<\/li>\n<li>Manter um estilo de vida saud\u00e1vel e n\u00e3o ter comportamento de risco.<\/li>\n<\/ul>\n<h3><\/h3>\n<h3>Vagas\u00a0Hemomar S\u00e3o Lu\u00eds &#8211; Trabalhe Conosco<\/h3>\n<p>A Hemomar S\u00e3o Lu\u00eds disponibiliza <em>vagas de trabalho<\/em> durante todo ano. Para se informar sobre os processos seletivos e se candidatar as vagas acompanhe o site da empresa, onde \u00e9 poss\u00edvel se informar sobre vagas abertas, sal\u00e1rios e compet\u00eancias necess\u00e1rias para se candidatar ao processo.<\/p>\n<h3>Hor\u00e1rio de Funcionamento Hemomar em S\u00e3o Lu\u00eds<\/h3>\n<ul>\n<li>Segunda a Sexta das 08h \u00e0s 18h \/ S\u00e1bado das 08h \u00e0s 12h<\/li>\n<\/ul>\n<h3>Endere\u00e7o e Telefone Hemomar em S\u00e3o Lu\u00eds<\/h3>\n<ul>\n<li>R. Cinco de Janeiro, S\/N &#8211; J\u00f3rdoa &#8211; S\u00e3o Lu\u00eds &#8211; MA<\/li>\n<li>Telefone: (98) 3216-1134<\/li>\n<\/ul>\n<h4>Outras informa\u00e7\u00f5es e site<\/h4>\n<ul>\n<li>Mais informa\u00e7\u00f5es:\u00a0<a href=\"https:\/\/www.facebook.com\/pages\/Hemomar\/280154638766305\" target=\"_blank\" rel=\"noopener noreferrer\">www.facebook.com\/Hemomar<\/a><\/li>\n<\/ul>\n<h4>Mapa de localiza\u00e7\u00e3o<\/h4>\n<a class=\"wp-colorbox-iframe\" href=\"https:\/\/www.google.com\/maps\/embed?pb=!1m14!1m8!1m3!1d15943.515407544364!2d-44.2675571!3d-2.5463355!3m2!1i1024!2i768!4f13.1!3m3!1m2!1s0x00x1470568cf3b4fd12!2sHemomar+-+Centro+de+Hematologia+do+Maranho!5e0!3m2!1spt-BR!2sbr!4v1537174159798\"><img decoding=\"async\" src=\"http:\/\/www.encontrasaoluisma.com.br\/imgs\/maps-post.png\"><\/a>\n\n<div style=\"font-size: 0px; height: 0px; line-height: 0px; margin: 0; padding: 0; clear: both;\"><\/div>","protected":false},"excerpt":{"rendered":"<p>Hemomar S\u00e3o Luis o banco de sangue da cidade. Com atendimento cordial e r\u00e1pido, o Hemomar recebe voc\u00ea com todo carinho para ajudar a salvar vidas! Hemomar\u00a0S\u00e3o Lu\u00eds\u00a0Requisitos para Doa\u00e7\u00e3o de Sangue Existem alguns requisitos b\u00e1sicos para que seja poss\u00edvel efetuar uma doa\u00e7\u00e3o de sangue, s\u00e3o eles: Estar em boas condi\u00e7\u00f5es gerais de sa\u00fade; Estar descansado; Ter entre 16 e 69 anos, desde que a primeira doa\u00e7\u00e3o tenha sido feito at\u00e9 os 60 anos de idade; Pesar mais de 50kg; Estar alimentado. \u00c9 importante ter feito uma alimenta\u00e7\u00e3o saud\u00e1vel antes da doa\u00e7\u00e3o, por isso evite alimentos gordurosos e, ap\u00f3s o <\/p>\n","protected":false},"author":1,"featured_media":0,"parent":0,"menu_order":0,"comment_status":"closed","ping_status":"closed","template":"","meta":{"footnotes":""},"class_list":["post-1172","page","type-page","status-publish","hentry"],"_links":{"self":[{"href":"https:\/\/www.encontrasaoluisma.com.br\/sobre\/wp-json\/wp\/v2\/pages\/1172","targetHints":{"allow":["GET"]}}],"collection":[{"href":"https:\/\/www.encontrasaoluisma.com.br\/sobre\/wp-json\/wp\/v2\/pages"}],"about":[{"href":"https:\/\/www.encontrasaoluisma.com.br\/sobre\/wp-json\/wp\/v2\/types\/page"}],"author":[{"embeddable":true,"href":"https:\/\/www.encontrasaoluisma.com.br\/sobre\/wp-json\/wp\/v2\/users\/1"}],"replies":[{"embeddable":true,"href":"https:\/\/www.encontrasaoluisma.com.br\/sobre\/wp-json\/wp\/v2\/comments?post=1172"}],"version-history":[{"count":4,"href":"https:\/\/www.encontrasaoluisma.com.br\/sobre\/wp-json\/wp\/v2\/pages\/1172\/revisions"}],"predecessor-version":[{"id":2445,"href":"https:\/\/www.encontrasaoluisma.com.br\/sobre\/wp-json\/wp\/v2\/pages\/1172\/revisions\/2445"}],"wp:attachment":[{"href":"https:\/\/www.encontrasaoluisma.com.br\/sobre\/wp-json\/wp\/v2\/media?parent=1172"}],"curies":[{"name":"wp","href":"https:\/\/api.w.org\/{rel}","templated":true}]}}