{"id":1189,"date":"2018-09-17T09:46:13","date_gmt":"2018-09-17T09:46:13","guid":{"rendered":"http:\/\/www.encontrasaoluisma.com.br\/sobre\/?page_id=1189"},"modified":"2020-01-03T09:03:22","modified_gmt":"2020-01-03T09:03:22","slug":"feme-sao-luis","status":"publish","type":"page","link":"https:\/\/www.encontrasaoluisma.com.br\/sobre\/feme-sao-luis\/","title":{"rendered":"Feme S\u00e3o Luis"},"content":{"rendered":"<div class=\"b2725ec362a26ac90450d31a667f90fe\" data-index=\"1\" style=\"float: none; margin:0px;\">\n<!-- Anuncio display - global -->\r\n<ins class=\"adsbygoogle\"\r\n     style=\"display:block\"\r\n     data-ad-client=\"ca-pub-8585364105181520\"\r\n     data-ad-slot=\"8789329856\"\r\n     data-ad-format=\"auto\"\r\n     data-full-width-responsive=\"true\"><\/ins>\r\n<script>\r\n     (adsbygoogle = window.adsbygoogle || []).push({});\r\n<\/script>\n<\/div>\n<p>A <strong>FEME S\u00e3o Luis<\/strong> distribui medicamentos de tr\u00eas grupos distintos: os de financiamento sob a responsabilidade Uni\u00e3o; os financiados pela SES; e medicamentos adquiridos pelos estados com transfer\u00eancia de recursos financeiros pelo Minist\u00e9rio da Sa\u00fade.<\/p>\n<p>A FEME \u00e9 uma farm\u00e1cia de dispensa\u00e7\u00e3o de medicamentos especializados para tratamento de doen\u00e7as de baixa preval\u00eancia, cujo tratamento \u00e9 feito com medicamentos de alto custo ou porque embora os medicamentos n\u00e3o sejam t\u00e3o caros, devem ser tomados por toda a vida.<\/p>\n<p><img loading=\"lazy\" decoding=\"async\" class=\"alignnone wp-image-1190 size-full\" title=\"Feme S\u00e3o Luis\" src=\"http:\/\/www.encontrasaoluisma.com.br\/sobre\/wp-content\/uploads\/2018\/09\/feme-sao-luis.gif\" alt=\"Feme S\u00e3o Luis\" width=\"680\" height=\"189\" \/><\/p>\n<h2>Feme\u00a0S\u00e3o Lu\u00eds\u00a0Lista de Medicamentos<\/h2>\n<p>Voc\u00ea pode encontrar a <em>rela\u00e7\u00e3o de medicamentos<\/em> dispon\u00edveis pelo SUS\u00a0no site abaixo.<\/p>\n<h3>Feme S\u00e3o Luis Cadastro<\/h3>\n<p>Para o <em>cadastro<\/em> para a dispensa\u00e7\u00e3o dos Medicamentos Especializados s\u00e3o utilizados alguns crit\u00e9rios, como diagn\u00f3stico, esquemas terap\u00eauticos, monitoriza\u00e7\u00e3o\/acompanhamento e demais par\u00e2metros, contidos nos Protocolos Cl\u00ednicos e Diretrizes Terap\u00eauticas, estabelecidas pela Secretaria de Assist\u00eancia \u00e0 Sa\u00fade (SAS), do Minist\u00e9rio da Sa\u00fade. Os protocolos tamb\u00e9m relacionam os medicamentos que s\u00e3o fornecidos pelo programa. As regras referentes aos medicamentos especializados s\u00e3o definidas pelo Minist\u00e9rio da Sa\u00fade, sendo que o principal documento exigido para o Programa \u00e9 o Laudo para Solicita\u00e7\u00e3o\/Autoriza\u00e7\u00e3o de Medicamentos dos Componentes Especializados. Desta forma, para a dispensa\u00e7\u00e3o destes medicamentos \u00e9 necess\u00e1rio:<\/p>\n<ul>\n<li>Que o medicamento seja contemplado pelo Componente Especializado da Assist\u00eancia Farmac\u00eautica;<\/li>\n<li>Que obede\u00e7a aos crit\u00e9rios exigidos pelos Protocolos Cl\u00ednicos e Diretrizes Terap\u00eauticas do Minist\u00e9rio da Sa\u00fade;<\/li>\n<li>O Laudo para Solicita\u00e7\u00e3o\/Autoriza\u00e7\u00e3o de Medicamentos dos Componentes Especializados da Assist\u00eancia Farmac\u00eautica devidamente preenchido pelo m\u00e9dico solicitante;<\/li>\n<li>A receita m\u00e9dica, com identifica\u00e7\u00e3o do paciente em duas vias, leg\u00edvel e com nome do princ\u00edpio ativo e dosagem prescrita pelo m\u00e9dico solicitante;<\/li>\n<li>Termo de esclarecimento e responsabilidade;<\/li>\n<li>Exames m\u00e9dicos (xerox).<\/li>\n<li>O Cart\u00e3o Nacional de Sa\u00fade (xerox).;<\/li>\n<li>R.G ou Certid\u00e3o de nascimento (xerox).<\/li>\n<li>C.P.F (xerox).<\/li>\n<li>Comprovante de resid\u00eancia (xerox).<\/li>\n<\/ul>\n<h3>Vagas Feme S\u00e3o Lu\u00eds &#8211; Trabalhe Conosco<\/h3>\n<p>A Feme\u00a0S\u00e3o Lu\u00eds disponibiliza <em>vagas de trabalho<\/em> durante todo ano. Para se informar sobre os processos seletivos e se candidatar as vagas acompanhe o site da empresa, onde \u00e9 poss\u00edvel se informar sobre vagas abertas, sal\u00e1rios e compet\u00eancias necess\u00e1rias para se candidatar ao processo.<\/p>\n<h3>Hor\u00e1rio de Funcionamento Feme em S\u00e3o Lu\u00eds<\/h3>\n<ul>\n<li>Segunda a Sexta das 08h \u00e0s 18h<\/li>\n<\/ul>\n<h3>Endere\u00e7o e Telefone Feme em S\u00e3o Lu\u00eds<\/h3>\n<ul>\n<li>Av. Sen. Vitorino Freire, 26 B &#8211; Centro &#8211; S\u00e3o Lu\u00eds &#8211; MA<\/li>\n<li>Telefone: (98) 3232-1232<\/li>\n<\/ul>\n<h4>Outras informa\u00e7\u00f5es e site<\/h4>\n<ul>\n<li>Mais informa\u00e7\u00f5es:\u00a0<a href=\"http:\/\/www.emserh.ma.gov.br\/secao\/feme\/\" target=\"_blank\" rel=\"noopener noreferrer\">www.emserh.ma.gov.br\/feme<\/a><\/li>\n<\/ul>\n<h4>Mapa de localiza\u00e7\u00e3o<\/h4>\n<a class=\"wp-colorbox-iframe\" href=\"https:\/\/www.google.com\/maps\/embed?pb=!1m14!1m8!1m3!1d15943.705172100126!2d-44.3067877!3d-2.5309544!3m2!1i1024!2i768!4f13.1!3m3!1m2!1s0x00x541488f88dfdb30d!2sFEME+-+Farmcia+Estadual+de+Medicamentos+Especializados!5e0!3m2!1spt-BR!2sbr!4v1537177392437\"><img decoding=\"async\" src=\"http:\/\/www.encontrasaoluisma.com.br\/imgs\/maps-post.png\"><\/a>\n\n<div style=\"font-size: 0px; height: 0px; line-height: 0px; margin: 0; padding: 0; clear: both;\"><\/div>","protected":false},"excerpt":{"rendered":"<p>A FEME S\u00e3o Luis distribui medicamentos de tr\u00eas grupos distintos: os de financiamento sob a responsabilidade Uni\u00e3o; os financiados pela SES; e medicamentos adquiridos pelos estados com transfer\u00eancia de recursos financeiros pelo Minist\u00e9rio da Sa\u00fade. A FEME \u00e9 uma farm\u00e1cia de dispensa\u00e7\u00e3o de medicamentos especializados para tratamento de doen\u00e7as de baixa preval\u00eancia, cujo tratamento \u00e9 feito com medicamentos de alto custo ou porque embora os medicamentos n\u00e3o sejam t\u00e3o caros, devem ser tomados por toda a vida. Feme\u00a0S\u00e3o Lu\u00eds\u00a0Lista de Medicamentos Voc\u00ea pode encontrar a rela\u00e7\u00e3o de medicamentos dispon\u00edveis pelo SUS\u00a0no site abaixo. Feme S\u00e3o Luis Cadastro Para o cadastro <\/p>\n","protected":false},"author":1,"featured_media":0,"parent":0,"menu_order":0,"comment_status":"closed","ping_status":"closed","template":"","meta":{"footnotes":""},"class_list":["post-1189","page","type-page","status-publish","hentry"],"_links":{"self":[{"href":"https:\/\/www.encontrasaoluisma.com.br\/sobre\/wp-json\/wp\/v2\/pages\/1189","targetHints":{"allow":["GET"]}}],"collection":[{"href":"https:\/\/www.encontrasaoluisma.com.br\/sobre\/wp-json\/wp\/v2\/pages"}],"about":[{"href":"https:\/\/www.encontrasaoluisma.com.br\/sobre\/wp-json\/wp\/v2\/types\/page"}],"author":[{"embeddable":true,"href":"https:\/\/www.encontrasaoluisma.com.br\/sobre\/wp-json\/wp\/v2\/users\/1"}],"replies":[{"embeddable":true,"href":"https:\/\/www.encontrasaoluisma.com.br\/sobre\/wp-json\/wp\/v2\/comments?post=1189"}],"version-history":[{"count":4,"href":"https:\/\/www.encontrasaoluisma.com.br\/sobre\/wp-json\/wp\/v2\/pages\/1189\/revisions"}],"predecessor-version":[{"id":2454,"href":"https:\/\/www.encontrasaoluisma.com.br\/sobre\/wp-json\/wp\/v2\/pages\/1189\/revisions\/2454"}],"wp:attachment":[{"href":"https:\/\/www.encontrasaoluisma.com.br\/sobre\/wp-json\/wp\/v2\/media?parent=1189"}],"curies":[{"name":"wp","href":"https:\/\/api.w.org\/{rel}","templated":true}]}}