{"id":1202,"date":"2018-09-17T10:13:17","date_gmt":"2018-09-17T10:13:17","guid":{"rendered":"http:\/\/www.encontrasaoluisma.com.br\/sobre\/?page_id=1202"},"modified":"2018-09-17T10:15:25","modified_gmt":"2018-09-17T10:15:25","slug":"praia-da-raposa-sao-luis","status":"publish","type":"page","link":"https:\/\/www.encontrasaoluisma.com.br\/sobre\/praia-da-raposa-sao-luis\/","title":{"rendered":"Praia da Raposa S\u00e3o Luis"},"content":{"rendered":"<div class=\"b2725ec362a26ac90450d31a667f90fe\" data-index=\"1\" style=\"float: none; margin:0px;\">\n<!-- Anuncio display - global -->\r\n<ins class=\"adsbygoogle\"\r\n     style=\"display:block\"\r\n     data-ad-client=\"ca-pub-8585364105181520\"\r\n     data-ad-slot=\"8789329856\"\r\n     data-ad-format=\"auto\"\r\n     data-full-width-responsive=\"true\"><\/ins>\r\n<script>\r\n     (adsbygoogle = window.adsbygoogle || []).push({});\r\n<\/script>\n<\/div>\n<p>A cidade de Raposa, a capital S\u00e3o Lu\u00eds, Pa\u00e7o do Lumiar e S\u00e3o Jos\u00e9 de Ribamar s\u00e3o os quatro munic\u00edpios da Ilha de S\u00e3o Lu\u00eds. Separando-se de Pa\u00e7o do Lumiar.\u00a0O munic\u00edpio ficou conhecido pelo seu artesanato e pelo sabor dos seus peixes comercializados nos bares e restaurantes do povoado e, pela beleza de suas praias desertas. No turismo, atualmente,\u00a0 a\u00a0<strong>Praia Raposa S\u00e3o Luis<\/strong> \u00e9 destino alternativo \u00e0 visita\u00e7\u00e3o da capital S\u00e3o Lu\u00eds do Maranh\u00e3o, tendo como principais atrativos os passeios nas praias e dunas da regi\u00e3o. Os turistas al\u00e9m de apreciarem a bela paisagem da regi\u00e3o, podem desfrutar dos frutos do mar preparados pelos habitantes de Raposa.\u00a0Raposa fica a 30 km do centro de S\u00e3o Lu\u00eds, e abriga a maior col\u00f4nia de pesca do Maranh\u00e3o.<\/p>\n<p><img loading=\"lazy\" decoding=\"async\" class=\"alignnone wp-image-1203 size-full\" title=\"Praia da Raposa S\u00e3o Luis\" src=\"http:\/\/www.encontrasaoluisma.com.br\/sobre\/wp-content\/uploads\/2018\/09\/praia-raposa-sao-luis.gif\" alt=\"Praia da Raposa S\u00e3o Luis\" width=\"680\" height=\"189\" \/><\/p>\n<p>Nas lojas de artesanato s\u00e3o comercializados: toalhas de mesa, panos de prato, passadeiras, sa\u00eddas de praia, chap\u00e9us, cortinas, al\u00e9m de uma s\u00e9rie de outros artefatos confeccionados em renda de bilro, pacientemente tecidas em almofadas de renda, por mulheres de pescadores.<\/p>\n<h3>Hor\u00e1rio de Funcionamento Praia da Raposa em S\u00e3o Lu\u00eds<\/h3>\n<ul>\n<li>24 horas<\/li>\n<\/ul>\n<h3>Endere\u00e7o e Telefone Praia da Raposa em S\u00e3o Lu\u00eds<\/h3>\n<ul>\n<li>Raposa &#8211; MA<\/li>\n<\/ul>\n<h4>Outras informa\u00e7\u00f5es e site<\/h4>\n<ul>\n<li>Mais informa\u00e7\u00f5es:\u00a0<a href=\"https:\/\/www.guiadoturismobrasil.com\/cidade\/MA\/421\/raposa\" target=\"_blank\" rel=\"noopener noreferrer\">www.guiadoturismobrasil.com\/raposa<\/a><\/li>\n<\/ul>\n<h4>Mapa de localiza\u00e7\u00e3o<\/h4>\n<a class=\"wp-colorbox-iframe\" href=\"https:\/\/www.google.com\/maps\/embed?pb=!1m18!1m12!1m3!1d15944.972389600443!2d-44.10648786381818!3d-2.425744583189463!2m3!1f0!2f0!3f0!3m2!1i1024!2i768!4f13.1!3m3!1m2!1s0x7f6ea7f10f51c530x6f25fe45caee866a!2sRaposa+MA+65138-000!5e0!3m2!1spt-BR!2sbr!4v1537179014735\"><img decoding=\"async\" src=\"http:\/\/www.encontrasaoluisma.com.br\/imgs\/maps-post.png\"><\/a>\n\n<div style=\"font-size: 0px; height: 0px; line-height: 0px; margin: 0; padding: 0; clear: both;\"><\/div>","protected":false},"excerpt":{"rendered":"<p>A cidade de Raposa, a capital S\u00e3o Lu\u00eds, Pa\u00e7o do Lumiar e S\u00e3o Jos\u00e9 de Ribamar s\u00e3o os quatro munic\u00edpios da Ilha de S\u00e3o Lu\u00eds. Separando-se de Pa\u00e7o do Lumiar.\u00a0O munic\u00edpio ficou conhecido pelo seu artesanato e pelo sabor dos seus peixes comercializados nos bares e restaurantes do povoado e, pela beleza de suas praias desertas. No turismo, atualmente,\u00a0 a\u00a0Praia Raposa S\u00e3o Luis \u00e9 destino alternativo \u00e0 visita\u00e7\u00e3o da capital S\u00e3o Lu\u00eds do Maranh\u00e3o, tendo como principais atrativos os passeios nas praias e dunas da regi\u00e3o. Os turistas al\u00e9m de apreciarem a bela paisagem da regi\u00e3o, podem desfrutar dos frutos <\/p>\n","protected":false},"author":1,"featured_media":0,"parent":0,"menu_order":0,"comment_status":"closed","ping_status":"closed","template":"","meta":{"footnotes":""},"class_list":["post-1202","page","type-page","status-publish","hentry"],"_links":{"self":[{"href":"https:\/\/www.encontrasaoluisma.com.br\/sobre\/wp-json\/wp\/v2\/pages\/1202","targetHints":{"allow":["GET"]}}],"collection":[{"href":"https:\/\/www.encontrasaoluisma.com.br\/sobre\/wp-json\/wp\/v2\/pages"}],"about":[{"href":"https:\/\/www.encontrasaoluisma.com.br\/sobre\/wp-json\/wp\/v2\/types\/page"}],"author":[{"embeddable":true,"href":"https:\/\/www.encontrasaoluisma.com.br\/sobre\/wp-json\/wp\/v2\/users\/1"}],"replies":[{"embeddable":true,"href":"https:\/\/www.encontrasaoluisma.com.br\/sobre\/wp-json\/wp\/v2\/comments?post=1202"}],"version-history":[{"count":2,"href":"https:\/\/www.encontrasaoluisma.com.br\/sobre\/wp-json\/wp\/v2\/pages\/1202\/revisions"}],"predecessor-version":[{"id":1205,"href":"https:\/\/www.encontrasaoluisma.com.br\/sobre\/wp-json\/wp\/v2\/pages\/1202\/revisions\/1205"}],"wp:attachment":[{"href":"https:\/\/www.encontrasaoluisma.com.br\/sobre\/wp-json\/wp\/v2\/media?parent=1202"}],"curies":[{"name":"wp","href":"https:\/\/api.w.org\/{rel}","templated":true}]}}