{"id":1227,"date":"2018-09-17T16:53:02","date_gmt":"2018-09-17T16:53:02","guid":{"rendered":"http:\/\/www.encontrasaoluisma.com.br\/sobre\/?page_id=1227"},"modified":"2020-01-03T09:39:04","modified_gmt":"2020-01-03T09:39:04","slug":"policia-federal-sao-luis","status":"publish","type":"page","link":"https:\/\/www.encontrasaoluisma.com.br\/sobre\/policia-federal-sao-luis\/","title":{"rendered":"Pol\u00edcia Federal S\u00e3o Luis"},"content":{"rendered":"<div class=\"b2725ec362a26ac90450d31a667f90fe\" data-index=\"1\" style=\"float: none; margin:0px;\">\n<!-- Anuncio display - global -->\r\n<ins class=\"adsbygoogle\"\r\n     style=\"display:block\"\r\n     data-ad-client=\"ca-pub-8585364105181520\"\r\n     data-ad-slot=\"8789329856\"\r\n     data-ad-format=\"auto\"\r\n     data-full-width-responsive=\"true\"><\/ins>\r\n<script>\r\n     (adsbygoogle = window.adsbygoogle || []).push({});\r\n<\/script>\n<\/div>\n<p>A\u00a0<b>Pol\u00edcia Federal do Brasil<\/b>\u00a0ou\u00a0Departamento de Pol\u00edcia Federal\u00a0(DPF), \u00e9 uma institui\u00e7\u00e3o\u00a0policial\u00a0brasileira, subordinada ao\u00a0Minist\u00e9rio Extraordin\u00e1rio da Seguran\u00e7a P\u00fablica, que, de acordo com a\u00a0Constitui\u00e7\u00e3o de 1988, exerce com exclusividade as fun\u00e7\u00f5es de\u00a0pol\u00edcia judici\u00e1ria\u00a0da Uni\u00e3o. Al\u00e9m disso, atua na seguran\u00e7a p\u00fablica para a preserva\u00e7\u00e3o da ordem p\u00fablica e da incolumidade das\u00a0pessoas, bem como dos\u00a0bens\u00a0e interesses da\u00a0Uni\u00e3o, exercendo atividades de pol\u00edcia mar\u00edtima, aeroportu\u00e1ria e de fronteiras, repress\u00e3o ao\u00a0tr\u00e1fico de entorpecentes,\u00a0contrabando\u00a0e\u00a0descaminho, e exercendo.<sup id=\"cite_ref-planalto.gov.br_1-0\" class=\"reference\"><\/sup><\/p>\n<p><img loading=\"lazy\" decoding=\"async\" class=\"alignnone wp-image-1228 size-full\" title=\"Pol\u00edcia Federal S\u00e3o Luis\" src=\"http:\/\/www.encontrasaoluisma.com.br\/sobre\/wp-content\/uploads\/2018\/09\/policai-federal-sao-luis.gif\" alt=\"Pol\u00edcia Federal S\u00e3o Luis\" width=\"680\" height=\"189\" \/><\/p>\n<p>A Pol\u00edcia Federal, de acordo com o artigo 144, par\u00e1grafo 1\u00ba, da Constitui\u00e7\u00e3o Federal, \u00e9 institu\u00edda por lei como \u00f3rg\u00e3o permanente, organizado e mantido pela\u00a0Uni\u00e3o\u00a0e estruturado em carreira.<\/p>\n<p>A sede da Pol\u00edcia Federal fica situada em\u00a0Bras\u00edlia, no\u00a0Distrito Federal, havendo unidades descentralizadas (superintend\u00eancias regionais) em todas as capitais dos estados da\u00a0federa\u00e7\u00e3o, bem como delegacias e postos avan\u00e7ados em diversas cidades do pa\u00eds.<\/p>\n<h3>Pol\u00edcia Federal em Goi\u00e2nia Passaporte<\/h3>\n<p>Tenha sempre em mente que seu\u00a0<a href=\"https:\/\/www.encontracuritiba.com.br\/sobre\/passaporte-curitiba\/\">passaporte brasileiro<\/a>\u00a0\u00e9 um documento valioso. Com ele, nacionais podem viajar para todos os pa\u00edses do mundo \u2013 em muitos casos, sem necessidade de visto. Com seu passaporte, brasileiros poder\u00e3o, ainda, solicitar, sempre que necess\u00e1rio, assist\u00eancia consular \u00e0 rede de Embaixadas e Consulados do Brasil em outros pa\u00edses.<\/p>\n<p>Por essas raz\u00f5es, nacionais devem ter muita aten\u00e7\u00e3o com seu documento de viagem brasileiro, e solicitar sua renova\u00e7\u00e3o ap\u00f3s expira\u00e7\u00e3o do prazo de validade. As informa\u00e7\u00f5es de contato da \u00faltima p\u00e1gina de seu passaporte devem ser sempre preenchidas, para evitar que o documento seja recuperado, em caso de perda ou extravio.<\/p>\n<p>O passaporte brasileiro agora tem 10 anos de validade! Conta, ainda, com algumas caracter\u00edsticas que lhe conferem seguran\u00e7a adicional, como um novo padr\u00e3o de criptografia e novas marcas-d\u2019\u00e1gua. O n\u00famero de p\u00e1ginas permanece o mesmo. Passaportes com validade de cinco anos que j\u00e1 tenham sido emitidos permanecem v\u00e1lidos at\u00e9 a data de sua expira\u00e7\u00e3o.<\/p>\n<h3>Hor\u00e1rio de Funcionamento Pol\u00edcia Federal em S\u00e3o Luis<\/h3>\n<ul>\n<li>24 horas<\/li>\n<\/ul>\n<h3>Endere\u00e7o e Telefone\u00a0Pol\u00edcia Federal\u00a0em S\u00e3o Luis<\/h3>\n<ul>\n<li>Av. Daniel de la Touche, 4000 &#8211; Cohama &#8211; S\u00e3o Lu\u00eds &#8211; MA<\/li>\n<li>Telefone: (98) 3131-5173<\/li>\n<\/ul>\n<h4>Outras informa\u00e7\u00f5es e site<\/h4>\n<ul>\n<li>Mais informa\u00e7\u00f5es:\u00a0<a href=\"http:\/\/www.pf.gov.br\/\" target=\"_blank\" rel=\"noopener noreferrer\">www.pf.gov.br<\/a><\/li>\n<\/ul>\n<h4>Mapa de localiza\u00e7\u00e3o<\/h4>\n<a class=\"wp-colorbox-iframe\" href=\"https:\/\/www.google.com\/maps\/embed?pb=!1m14!1m8!1m3!1d15943.985763765799!2d-44.2425398!3d-2.5080387!3m2!1i1024!2i768!4f13.1!3m3!1m2!1s0x00x31a992a9edc6cd73!2sPolcia+Federal!5e0!3m2!1spt-BR!2sbr!4v1537202937395\"><img decoding=\"async\" src=\"http:\/\/www.encontrasaoluisma.com.br\/imgs\/maps-post.png\"><\/a>\n\n<div style=\"font-size: 0px; height: 0px; line-height: 0px; margin: 0; padding: 0; clear: both;\"><\/div>","protected":false},"excerpt":{"rendered":"<p>A\u00a0Pol\u00edcia Federal do Brasil\u00a0ou\u00a0Departamento de Pol\u00edcia Federal\u00a0(DPF), \u00e9 uma institui\u00e7\u00e3o\u00a0policial\u00a0brasileira, subordinada ao\u00a0Minist\u00e9rio Extraordin\u00e1rio da Seguran\u00e7a P\u00fablica, que, de acordo com a\u00a0Constitui\u00e7\u00e3o de 1988, exerce com exclusividade as fun\u00e7\u00f5es de\u00a0pol\u00edcia judici\u00e1ria\u00a0da Uni\u00e3o. Al\u00e9m disso, atua na seguran\u00e7a p\u00fablica para a preserva\u00e7\u00e3o da ordem p\u00fablica e da incolumidade das\u00a0pessoas, bem como dos\u00a0bens\u00a0e interesses da\u00a0Uni\u00e3o, exercendo atividades de pol\u00edcia mar\u00edtima, aeroportu\u00e1ria e de fronteiras, repress\u00e3o ao\u00a0tr\u00e1fico de entorpecentes,\u00a0contrabando\u00a0e\u00a0descaminho, e exercendo. A Pol\u00edcia Federal, de acordo com o artigo 144, par\u00e1grafo 1\u00ba, da Constitui\u00e7\u00e3o Federal, \u00e9 institu\u00edda por lei como \u00f3rg\u00e3o permanente, organizado e mantido pela\u00a0Uni\u00e3o\u00a0e estruturado em carreira. A sede da Pol\u00edcia Federal <\/p>\n","protected":false},"author":1,"featured_media":0,"parent":0,"menu_order":0,"comment_status":"closed","ping_status":"closed","template":"","meta":{"footnotes":""},"class_list":["post-1227","page","type-page","status-publish","hentry"],"_links":{"self":[{"href":"https:\/\/www.encontrasaoluisma.com.br\/sobre\/wp-json\/wp\/v2\/pages\/1227","targetHints":{"allow":["GET"]}}],"collection":[{"href":"https:\/\/www.encontrasaoluisma.com.br\/sobre\/wp-json\/wp\/v2\/pages"}],"about":[{"href":"https:\/\/www.encontrasaoluisma.com.br\/sobre\/wp-json\/wp\/v2\/types\/page"}],"author":[{"embeddable":true,"href":"https:\/\/www.encontrasaoluisma.com.br\/sobre\/wp-json\/wp\/v2\/users\/1"}],"replies":[{"embeddable":true,"href":"https:\/\/www.encontrasaoluisma.com.br\/sobre\/wp-json\/wp\/v2\/comments?post=1227"}],"version-history":[{"count":3,"href":"https:\/\/www.encontrasaoluisma.com.br\/sobre\/wp-json\/wp\/v2\/pages\/1227\/revisions"}],"predecessor-version":[{"id":2467,"href":"https:\/\/www.encontrasaoluisma.com.br\/sobre\/wp-json\/wp\/v2\/pages\/1227\/revisions\/2467"}],"wp:attachment":[{"href":"https:\/\/www.encontrasaoluisma.com.br\/sobre\/wp-json\/wp\/v2\/media?parent=1227"}],"curies":[{"name":"wp","href":"https:\/\/api.w.org\/{rel}","templated":true}]}}