{"id":1390,"date":"2018-10-19T08:19:42","date_gmt":"2018-10-19T08:19:42","guid":{"rendered":"http:\/\/www.encontrasaoluisma.com.br\/sobre\/?page_id=1390"},"modified":"2018-10-19T08:19:42","modified_gmt":"2018-10-19T08:19:42","slug":"ava-sao-luis","status":"publish","type":"page","link":"https:\/\/www.encontrasaoluisma.com.br\/sobre\/ava-sao-luis\/","title":{"rendered":"AVA S\u00e3o Luis"},"content":{"rendered":"<div class=\"b2725ec362a26ac90450d31a667f90fe\" data-index=\"1\" style=\"float: none; margin:0px;\">\n<!-- Anuncio display - global -->\r\n<ins class=\"adsbygoogle\"\r\n     style=\"display:block\"\r\n     data-ad-client=\"ca-pub-8585364105181520\"\r\n     data-ad-slot=\"8789329856\"\r\n     data-ad-format=\"auto\"\r\n     data-full-width-responsive=\"true\"><\/ins>\r\n<script>\r\n     (adsbygoogle = window.adsbygoogle || []).push({});\r\n<\/script>\n<\/div>\n<p>O <strong>AVA S\u00e3o Luis<\/strong> \u00e9 o Ambiente Virtual de Aprendizagem que proporciona ao aluno a oportunidade de fazer o curso atrav\u00e9s da modalidade on line, ou seja a Educa\u00e7\u00e3o a Dist\u00e2ncia (EAD).<\/p>\n<p><img loading=\"lazy\" decoding=\"async\" class=\"alignnone wp-image-1391 size-full\" title=\"AVA S\u00e3o Luis\" src=\"http:\/\/www.encontrasaoluisma.com.br\/sobre\/wp-content\/uploads\/2018\/10\/ava-sao-luis.gif\" alt=\"AVA S\u00e3o Luis\" width=\"680\" height=\"189\" \/><\/p>\n<p>A experi\u00eancia da\u00a0Faculdade de Educa\u00e7\u00e3o de S\u00e3o Luis\u00a0na oferta de cursos de P\u00f3s-Gradua\u00e7\u00e3o Lato Sensu data de 1993. Em 2000, obteve junto ao MEC o credenciamento para a oferta de cursos de P\u00f3s-Gradua\u00e7\u00e3o Lato Sensu na \u00e1rea da educa\u00e7\u00e3o utilizando a modalidade do Ensino a Dist\u00e2ncia, sendo a 1\u00aa Institui\u00e7\u00e3o credenciada em Educa\u00e7\u00e3o a dist\u00e2ncia no pa\u00eds.<\/p>\n<p>Voltada para uma educa\u00e7\u00e3o de valores, a Faculdade de Educa\u00e7\u00e3o S\u00e3o Lu\u00eds assume seu papel de responsabilidade social nas mais diferentes \u00e1reas, totalizando 25 projetos de extens\u00e3o \u00e0 comunidade, dentre os quais se destacam: Unidade de Atendimento ao Deficiente Visual Olhos da Alma; N\u00facleo de Pr\u00e1tica Jur\u00eddica (atendimento gratuito \u00e0 comunidade); Banda Musical S\u00e3o Lu\u00eds; Alfabetiza\u00e7\u00e3o Solid\u00e1ria; Inclus\u00e3o Digital, Oficinas Pedag\u00f3gicas, Empresas Juniores (dos cursos de Administra\u00e7\u00e3o e Sistemas de Informa\u00e7\u00e3o) dentre outros.<\/p>\n<p>A metodologia de educa\u00e7\u00e3o a dist\u00e2ncia da Faculdade de Educa\u00e7\u00e3o S\u00e3o Luis foi desenvolvida para que diferentes pessoas tenham acesso aos cursos de P\u00f3s-Gradua\u00e7\u00e3o, primando pela qualidade no processo de aprendizagem e suporte acad\u00eamico cont\u00ednuo. Pelo sistema S\u00c3O LU\u00cdS EaD, \u00e9 poss\u00edvel acessar todo conte\u00fado pela internet, pois o material \u00e9 disponibilizado pelo portal de estudos: AVA &#8211; Ambiente Virtual de Aprendizagem. Por\u00e9m, os alunos podem realizar os seus estudos sem a necessidade da internet, pois estudam com livros e DVDs escritos e gravados por Mestres e Doutores.<\/p>\n<p>Estudar na S\u00e3o Luis EaD permite a mobilidade e a flexibilidade de hor\u00e1rio para quem n\u00e3o possui disponibilidade de realizar cursos presenciais. Com a S\u00c3O LU\u00cdS EaD os estudantes podem manter-se atualizados perante o mercado de trabalho, pois possuem um material preparado por professores qualificados e renomados, desenvolvido com a mais moderna tecnologia \u00e0 disposi\u00e7\u00e3o do ensino a dist\u00e2ncia.<\/p>\n<h3>Hor\u00e1rio de Funcionamento\u00a0AVA em S\u00e3o Lu\u00eds<\/h3>\n<ul>\n<li>24 horas<\/li>\n<\/ul>\n<h3>Telefone\u00a0AVA em S\u00e3o Lu\u00eds<\/h3>\n<ul>\n<li>Telefone: 0800 723 44 22<\/li>\n<\/ul>\n<h4>Outras informa\u00e7\u00f5es e site<\/h4>\n<ul>\n<li>Mais informa\u00e7\u00f5es:\u00a0<a href=\"https:\/\/ava.saoluisead.com.br\/login\" target=\"_blank\" rel=\"noopener noreferrer\">www.ava.saoluisead.com.br<\/a><\/li>\n<li>E-mail:\u00a0faleconosco@saoluisead.com.br\n<div class=\"cell cell-atendimento\"><\/div>\n<\/li>\n<\/ul>\n\n<div style=\"font-size: 0px; height: 0px; line-height: 0px; margin: 0; padding: 0; clear: both;\"><\/div>","protected":false},"excerpt":{"rendered":"<p>O AVA S\u00e3o Luis \u00e9 o Ambiente Virtual de Aprendizagem que proporciona ao aluno a oportunidade de fazer o curso atrav\u00e9s da modalidade on line, ou seja a Educa\u00e7\u00e3o a Dist\u00e2ncia (EAD). A experi\u00eancia da\u00a0Faculdade de Educa\u00e7\u00e3o de S\u00e3o Luis\u00a0na oferta de cursos de P\u00f3s-Gradua\u00e7\u00e3o Lato Sensu data de 1993. Em 2000, obteve junto ao MEC o credenciamento para a oferta de cursos de P\u00f3s-Gradua\u00e7\u00e3o Lato Sensu na \u00e1rea da educa\u00e7\u00e3o utilizando a modalidade do Ensino a Dist\u00e2ncia, sendo a 1\u00aa Institui\u00e7\u00e3o credenciada em Educa\u00e7\u00e3o a dist\u00e2ncia no pa\u00eds. Voltada para uma educa\u00e7\u00e3o de valores, a Faculdade de Educa\u00e7\u00e3o S\u00e3o <\/p>\n","protected":false},"author":1,"featured_media":0,"parent":0,"menu_order":0,"comment_status":"closed","ping_status":"closed","template":"","meta":{"footnotes":""},"class_list":["post-1390","page","type-page","status-publish","hentry"],"_links":{"self":[{"href":"https:\/\/www.encontrasaoluisma.com.br\/sobre\/wp-json\/wp\/v2\/pages\/1390","targetHints":{"allow":["GET"]}}],"collection":[{"href":"https:\/\/www.encontrasaoluisma.com.br\/sobre\/wp-json\/wp\/v2\/pages"}],"about":[{"href":"https:\/\/www.encontrasaoluisma.com.br\/sobre\/wp-json\/wp\/v2\/types\/page"}],"author":[{"embeddable":true,"href":"https:\/\/www.encontrasaoluisma.com.br\/sobre\/wp-json\/wp\/v2\/users\/1"}],"replies":[{"embeddable":true,"href":"https:\/\/www.encontrasaoluisma.com.br\/sobre\/wp-json\/wp\/v2\/comments?post=1390"}],"version-history":[{"count":1,"href":"https:\/\/www.encontrasaoluisma.com.br\/sobre\/wp-json\/wp\/v2\/pages\/1390\/revisions"}],"predecessor-version":[{"id":1392,"href":"https:\/\/www.encontrasaoluisma.com.br\/sobre\/wp-json\/wp\/v2\/pages\/1390\/revisions\/1392"}],"wp:attachment":[{"href":"https:\/\/www.encontrasaoluisma.com.br\/sobre\/wp-json\/wp\/v2\/media?parent=1390"}],"curies":[{"name":"wp","href":"https:\/\/api.w.org\/{rel}","templated":true}]}}