{"id":1401,"date":"2018-10-19T09:13:01","date_gmt":"2018-10-19T09:13:01","guid":{"rendered":"http:\/\/www.encontrasaoluisma.com.br\/sobre\/?page_id=1401"},"modified":"2018-12-13T10:37:57","modified_gmt":"2018-12-13T10:37:57","slug":"centro-historico-sao-luis-museu-endereco","status":"publish","type":"page","link":"https:\/\/www.encontrasaoluisma.com.br\/sobre\/centro-historico-sao-luis-museu-endereco\/","title":{"rendered":"Centro Hist\u00f3rico de S\u00e3o Luis"},"content":{"rendered":"<div class=\"b2725ec362a26ac90450d31a667f90fe\" data-index=\"1\" style=\"float: none; margin:0px;\">\n<!-- Anuncio display - global -->\r\n<ins class=\"adsbygoogle\"\r\n     style=\"display:block\"\r\n     data-ad-client=\"ca-pub-8585364105181520\"\r\n     data-ad-slot=\"8789329856\"\r\n     data-ad-format=\"auto\"\r\n     data-full-width-responsive=\"true\"><\/ins>\r\n<script>\r\n     (adsbygoogle = window.adsbygoogle || []).push({});\r\n<\/script>\n<\/div>\n<p><b>Centro Hist\u00f3rico de S\u00e3o Lu\u00eds, <\/b>conhecido como Reviver<b>,<\/b>\u00a0compreende uma \u00e1rea de 220\u00a0hectares\u00a0de extens\u00e3o em\u00a0S\u00e3o Lu\u00eds, capital do\u00a0Maranh\u00e3o. Cerca de 3000 im\u00f3veis est\u00e3o tombados pelo patrim\u00f4nio hist\u00f3rico estadual, e 1400 pelo\u00a0IPHAN. Parte desse s\u00edtio foi declarado Patrim\u00f4nio Mundial em\u00a01997, por seu conjunto arquitet\u00f4nico colonial portugu\u00eas adaptado ao clima do local.<\/p>\n<p>A principal caracter\u00edstica arquitet\u00f4nica do centro hist\u00f3rico \u00e9 mesmo a preocupa\u00e7\u00e3o com o clima, quente e \u00famido. Entre as solu\u00e7\u00f5es, estava o uso de\u00a0azulejos\u00a0na impermeabiliza\u00e7\u00e3o das fachadas de\u00a0taipa. As plantas s\u00e3o em &#8220;L&#8221; ou em &#8220;U&#8221;, com grandes\u00a0telhados\u00a0e\u00a0venezianas.<\/p>\n<p><img loading=\"lazy\" decoding=\"async\" class=\"alignnone wp-image-1402 size-full\" title=\"Centro Hist\u00f3rico de S\u00e3o Luis\" src=\"http:\/\/www.encontrasaoluisma.com.br\/sobre\/wp-content\/uploads\/2018\/10\/centro-historico-sao-luis.gif\" alt=\"Centro Hist\u00f3rico de S\u00e3o Luis\" width=\"680\" height=\"189\" \/><\/p>\n<p>Os pr\u00e9dios arquitet\u00f4nicos constituem-se de\u00a0sobrados, casas t\u00e9rreas e solares. Os sobrados possuem at\u00e9 quatro pavimentos, sendo o t\u00e9rreo loja comercial e os outros pisos resid\u00eancias. Os solares, sobrados suntuosos, possuem muitos detalhes refinados, e as casas t\u00e9rreas, por fim, pass\u00edveis de v\u00e1rias classifica\u00e7\u00f5es (por exemplo, morada inteira: porta com duas janelas de cada lado; meia morada: porta lateral e duas janelas).<\/p>\n<p>Entre as edifica\u00e7\u00f5es hist\u00f3ricas a serem destacadas, encontram-se o\u00a0Pal\u00e1cio dos Le\u00f5es\u00a0(sede do governo do estado), o\u00a0Pal\u00e1cio de La Ravardi\u00e8re\u00a0(sede da prefeitura), a\u00a0Catedral de S\u00e3o Lu\u00eds, o\u00a0Pal\u00e1cio Episcopal, o Convento do Carmo, o Convento das Merc\u00eas, a Casa das Tulhas, as igrejas do Ros\u00e1rio e do Desterro, a Casa das Minas, das Fontes e das Pedras, o\u00a0Teatro Artur Azevedo\u00a0e muitos outros.<\/p>\n<h3>Centro Hist\u00f3rico\u00a0S\u00e3o Lu\u00eds\u00a0Pontos Tur\u00edsticos<\/h3>\n<ul>\n<li><em>Casa de Nhozinho<\/em> &#8211; Museu que homenageia o artes\u00e3o maranhense Nhozinho. Localizado\u00a0na Rua Portugal, abre de ter\u00e7a a Sabado das 08h \u00e0s 13h e das 15h30 \u00e0s 19h e aos doimgos das 08h \u00e0s 13h com entrada gratuita.<\/li>\n<li><em>Casa do Maranh\u00e3o<\/em> &#8211; Museu localizado na rua do Trapicha, abre de ter\u00e7a a S\u00e1bado das 09h \u00e0s 17h\u00a0e aos domingos das 09h \u00e0s 13h<\/li>\n<li><em>Pra\u00e7a Dom Pedro II e Pra\u00e7a Benedito Leite<\/em> &#8211; Na Pra\u00e7a \u00e9 poss\u00edvel conhecer outros pontos como o Tribunal de Justi\u00e7a, Pal\u00e1cio de La Ravardi\u00e9re, Museu de Arte Sacra e Igreja da S\u00e9. Em<br \/>\nseguida visite a Pra\u00e7a Benedito Leite, onde fica localizado o hist\u00f3rico Pal\u00e1cio do Com\u00e9rcio, atual sede da Associa\u00e7\u00e3o Comercial do Maranh\u00e3o e antigo\u00a0Hotel Central.<\/li>\n<li><em>Museu de Artes Visuais<\/em> &#8211; fica localizado na rua Portugal e funciona de ter\u00e7a a sexta das 09h \u00e0s 17h, s\u00e1bado das 09h \u00e0s 16h e domingos das 09h \u00e0s 14h.<\/li>\n<li><em>Mercado das Tulhas &#8211;<\/em> ocupa um quarteir\u00e3o inteiro com in\u00fameros restaurantes com variedades de peixes, frango, carne assada, tortas e aos finais de semanas voc\u00ea encontra mocot\u00f3 e sarrabulho.<\/li>\n<li><em>Centro de Pesquisa de Hist\u00f3ria Natural e Arqueologia do Maranh\u00e3o &#8211;<\/em> localizado na rua Giz,\u00a0onde s\u00e3o espostas pe\u00e7as pr\u00e9-hist\u00f3ricas, r\u00e9plicas e miniaturas de dinossauros.\u00a0O museu funciona de Segunda a Sexta das 08h \u00e0s 12h e das 14h \u00e0s 18h.<\/li>\n<li><em>Pra\u00e7a Jo\u00e3o Lisboa<\/em> &#8211; Ambiente agrad\u00e1vel e arborizado onde \u00e9 poss\u00edvel visitar a\u00a0Igreja do Carmo, que pertence aos Capuchinhos.<\/li>\n<li><em>Re-o-cupa<\/em> &#8211; Casar\u00e3o, na Rua Afonso Pena, que funciona como um centro de cultura. Entrada gratuita e funciona de segunda, quarta e quinta das 16h \u00e0s 22h e S\u00e1bados das 12h \u00e0s 19h20.<\/li>\n<li><em>Museu Hist\u00f3rico e Art\u00edstico do Maranh\u00e3o<\/em> &#8211; Situado na Rua do Sol, funciona\u00a0de ter\u00e7a a sexta das 09h \u00e0s 17h, s\u00e1bados das 09h \u00e0s 16h e domingos das 09h \u00e0s 14h<\/li>\n<li><em>Fonte Ribeir\u00e3o<\/em> &#8211; Conhecido por ser a morada da cabe\u00e7a da serpente lend\u00e1ria. \u00c9 poss\u00edvel\u00a0fazer um passeio entre as passagens subterr\u00e2neas da fonte aos domingos, al\u00e9m disso,\u00a0\u00e0 noite \u00e9 poss\u00edvel acompanhar atra\u00e7\u00f5es culturais.<\/li>\n<li><em>Centro de Criatividade Odylo Costa Filho &#8211;<\/em> Exposi\u00e7\u00f5es fotogr\u00e1ficas e de artes pl\u00e1sticas, al\u00e9m de livraria\u00a0e do Teatro Alcione Nazar\u00e9.<\/li>\n<li><em>Vida Noturna<\/em> &#8211; S\u00e3o bares como o Senzala, Cafofinho da Tia Dica e Bar da Faustina e in\u00fameras casas noturnas para aproveitar a noite.<\/li>\n<\/ul>\n<h3>Centro Hist\u00f3rico\u00a0S\u00e3o Lu\u00eds\u00a0a Noite<\/h3>\n<div>A <em>noite<\/em> \u00e9 movimentada em diversas partes de S\u00e3o Lu\u00eds. O ritmo, por\u00e9m, \u00e9 um s\u00f3: reggae &#8211; seja nos bares, nas barracas de praia ou nos clubes. Os espa\u00e7os mais concorridos s\u00e3o o Roots Bar, no Centro Hist\u00f3rico (R. da Palma, 85), nas noites de sexta; o Bar do Nelson, no finzinho da Av. Litor\u00e2nea, no Calhau (s\u00e1bado); e o Chama Mar\u00e9, escondido no canto esquerdo da Ponta d&#8217;Areia, no domingo.<\/div>\n<div><\/div>\n<div>J\u00e1 no Centro Hist\u00f3rico &#8211; em especial na Rua Portugal, bares e restaurantes instalados em sobrados e casar\u00f5es espalham suas mesas pela cal\u00e7ada e o som costuma ser mais ecl\u00e9tico. As happy hours come\u00e7am a movimentar a \u00e1rea no meio da semana, mas o agito fica maior nas noites de sexta e s\u00e1bado. Ouro point noturno da capital \u00e9 a Lagoa da Jansen, com bares e pizzarias.<\/div>\n<h3>Hor\u00e1rio de Funcionamento Centro Hist\u00f3rico em S\u00e3o Lu\u00eds<\/h3>\n<ul>\n<li>24 horas<\/li>\n<\/ul>\n<h3>Endere\u00e7o Centro Hist\u00f3rico em S\u00e3o Lu\u00eds<\/h3>\n<ul>\n<li>Tv. Boa Ventura, 26 &#8211; Centro &#8211; S\u00e3o Lu\u00eds &#8211; MA<\/li>\n<\/ul>\n<h4>Mapa de localiza\u00e7\u00e3o<\/h4>\n<a class=\"wp-colorbox-iframe\" href=\"https:\/\/www.google.com\/maps\/embed?pb=!1m18!1m12!1m3!1d3985.927266835333!2d-44.30812598524405!3d-2.5306376981560157!2m3!1f0!2f0!3f0!3m2!1i1024!2i768!4f13.1!3m3!1m2!1s0x7f68eddbdf28e950x297589a3b3c7e7f4!2sTv.+Boa+Ventura+26+-+Centro+So+Lus+-+MA+65010-090!5e0!3m2!1spt-BR!2sbr!4v1539940012288\"><img decoding=\"async\" src=\"http:\/\/www.encontrasaoluisma.com.br\/imgs\/maps-post.png\"><\/a>\n\n<div style=\"font-size: 0px; height: 0px; line-height: 0px; margin: 0; padding: 0; clear: both;\"><\/div>","protected":false},"excerpt":{"rendered":"<p>Centro Hist\u00f3rico de S\u00e3o Lu\u00eds, conhecido como Reviver,\u00a0compreende uma \u00e1rea de 220\u00a0hectares\u00a0de extens\u00e3o em\u00a0S\u00e3o Lu\u00eds, capital do\u00a0Maranh\u00e3o. Cerca de 3000 im\u00f3veis est\u00e3o tombados pelo patrim\u00f4nio hist\u00f3rico estadual, e 1400 pelo\u00a0IPHAN. Parte desse s\u00edtio foi declarado Patrim\u00f4nio Mundial em\u00a01997, por seu conjunto arquitet\u00f4nico colonial portugu\u00eas adaptado ao clima do local. A principal caracter\u00edstica arquitet\u00f4nica do centro hist\u00f3rico \u00e9 mesmo a preocupa\u00e7\u00e3o com o clima, quente e \u00famido. Entre as solu\u00e7\u00f5es, estava o uso de\u00a0azulejos\u00a0na impermeabiliza\u00e7\u00e3o das fachadas de\u00a0taipa. As plantas s\u00e3o em &#8220;L&#8221; ou em &#8220;U&#8221;, com grandes\u00a0telhados\u00a0e\u00a0venezianas. Os pr\u00e9dios arquitet\u00f4nicos constituem-se de\u00a0sobrados, casas t\u00e9rreas e solares. Os sobrados possuem at\u00e9 <\/p>\n","protected":false},"author":1,"featured_media":0,"parent":0,"menu_order":0,"comment_status":"closed","ping_status":"closed","template":"","meta":{"footnotes":""},"class_list":["post-1401","page","type-page","status-publish","hentry"],"_links":{"self":[{"href":"https:\/\/www.encontrasaoluisma.com.br\/sobre\/wp-json\/wp\/v2\/pages\/1401","targetHints":{"allow":["GET"]}}],"collection":[{"href":"https:\/\/www.encontrasaoluisma.com.br\/sobre\/wp-json\/wp\/v2\/pages"}],"about":[{"href":"https:\/\/www.encontrasaoluisma.com.br\/sobre\/wp-json\/wp\/v2\/types\/page"}],"author":[{"embeddable":true,"href":"https:\/\/www.encontrasaoluisma.com.br\/sobre\/wp-json\/wp\/v2\/users\/1"}],"replies":[{"embeddable":true,"href":"https:\/\/www.encontrasaoluisma.com.br\/sobre\/wp-json\/wp\/v2\/comments?post=1401"}],"version-history":[{"count":5,"href":"https:\/\/www.encontrasaoluisma.com.br\/sobre\/wp-json\/wp\/v2\/pages\/1401\/revisions"}],"predecessor-version":[{"id":1625,"href":"https:\/\/www.encontrasaoluisma.com.br\/sobre\/wp-json\/wp\/v2\/pages\/1401\/revisions\/1625"}],"wp:attachment":[{"href":"https:\/\/www.encontrasaoluisma.com.br\/sobre\/wp-json\/wp\/v2\/media?parent=1401"}],"curies":[{"name":"wp","href":"https:\/\/api.w.org\/{rel}","templated":true}]}}