{"id":1458,"date":"2018-10-20T09:21:57","date_gmt":"2018-10-20T09:21:57","guid":{"rendered":"http:\/\/www.encontrasaoluisma.com.br\/sobre\/?page_id=1458"},"modified":"2019-03-08T08:44:05","modified_gmt":"2019-03-08T08:44:05","slug":"porto-sao-luis","status":"publish","type":"page","link":"https:\/\/www.encontrasaoluisma.com.br\/sobre\/porto-sao-luis\/","title":{"rendered":"Porto S\u00e3o Luis"},"content":{"rendered":"<div class=\"b2725ec362a26ac90450d31a667f90fe\" data-index=\"1\" style=\"float: none; margin:0px;\">\n<!-- Anuncio display - global -->\r\n<ins class=\"adsbygoogle\"\r\n     style=\"display:block\"\r\n     data-ad-client=\"ca-pub-8585364105181520\"\r\n     data-ad-slot=\"8789329856\"\r\n     data-ad-format=\"auto\"\r\n     data-full-width-responsive=\"true\"><\/ins>\r\n<script>\r\n     (adsbygoogle = window.adsbygoogle || []).push({});\r\n<\/script>\n<\/div>\n<p>Porto do Itaqui\u00a0\u00e9 um\u00a0porto\u00a0brasileiro\u00a0localizado na cidade de\u00a0S\u00e3o Luis, no\u00a0estado\u00a0do\u00a0Maranh\u00e3o. O <strong>Porto S\u00e3o Luis<\/strong> \u00e9 nacionalmente conhecido por ter uma das maiores amplitudes de\u00a0mar\u00e9\u00a0do Brasil (atr\u00e1s apenas da\u00a0Ilha de Marac\u00e1), podendo ultrapassar sete metros.\u00a0Os projetos para a constru\u00e7\u00e3o de um porto na \u00e1rea onde hoje se encontra o porto do Itaqui datam de 1918, no entanto, as obras nunca foram iniciadas e, somente ap\u00f3s novos estudos realizados pelo\u00a0Departamento Nacional de Portos e Vias Naveg\u00e1veis\u00a0em 1960, a constru\u00e7\u00e3o das primeiras\u00a0acostagens.<\/p>\n<p>O Itaqui \u00e9 o 11\u00ba no ranking geral e o sexto entre os portos p\u00fablicos em movimenta\u00e7\u00e3o de cargas.\u00a0A profundidade de seu canal de acesso \u00e9 de 23 metros.<\/p>\n<p><img loading=\"lazy\" decoding=\"async\" class=\"alignnone wp-image-1459 size-full\" title=\"Porto S\u00e3o Luis\" src=\"http:\/\/www.encontrasaoluisma.com.br\/sobre\/wp-content\/uploads\/2018\/10\/porto-sao-luis.gif\" alt=\"Porto S\u00e3o Luis\" width=\"680\" height=\"189\" \/><\/p>\n<p>O Porto de Itaqui movimenta anualmente milh\u00f5es de toneladas de carga, sendo um importante corredor log\u00edstico para o\u00a0Centro-Oeste\u00a0do pa\u00eds. Entre os principais produtos movimentados no ano de\u00a02017\u00a0est\u00e3o: a\u00a0soja,\u00a0milho,\u00a0fertilizantes,\u00a0cobre,\u00a0carv\u00e3o,\u00a0ferro-gusa ,clinquer+esc\u00f3ria,\u00a0mangan\u00eas,\u00a0arroz,\u00a0gran\u00e9is l\u00edquidos importados,\u00a0soda c\u00e1ustica,\u00a0etanol e\u00a0GLP, totalizando uma movimenta\u00e7\u00e3o anual de 17.140.470 de toneladas. A Ferrovia Norte-Sul, em Estreito, por onde s\u00e3o transportados gr\u00e3os e celulose com destino ao Porto do Itaqui.<\/p>\n<p>O\u00a0Porto do Itaqui\u00a0est\u00e1 localizado no interior da\u00a0Ba\u00eda de S\u00e3o Marcos\u00a0e seu acesso hidrovi\u00e1rio n\u00e3o conta com a forma\u00e7\u00e3o de barra. O canal acesso possui profundidade natural m\u00ednima de 23 metros, largura aproximada de 500 metros e comprimento de 101 km.\u00a0Um dos grandes diferenciais do porto \u00e9 a sua localiza\u00e7\u00e3o pr\u00f3xima dos mercados da Europa, Am\u00e9rica do Norte e do\u00a0Canal do Panam\u00e1, por onde \u00e9 poss\u00edvel alcan\u00e7ar mais rapidamente os pa\u00edses da \u00c1sia.<\/p>\n<h2>Porto\u00a0S\u00e3o Lu\u00eds\u00a0Comunidade Portu\u00e1ria<\/h2>\n<p>Portos funcionam como grandes condom\u00ednios log\u00edsticos, abrigando diversos players. A gest\u00e3o de todo esse complexo exige a converg\u00eancia de esfor\u00e7os de diferentes \u00f3rg\u00e3os e autoridades. <em>Saiba mais sobre o funcionamento do Porto do Itaqui.<\/em><\/p>\n<ul>\n<li><strong>Emap-Autoridade Portu\u00e1ria:<\/strong> A autoridade portu\u00e1ria \u00e9 a gestora das opera\u00e7\u00f5es nos portos organizados. Dentre outras atribui\u00e7\u00f5es, compete a autoridade portu\u00e1ria: Fiscalizar a opera\u00e7\u00e3o portu\u00e1ria, zelando pela realiza\u00e7\u00e3o das atividades com regularidade, efici\u00eancia, seguran\u00e7a e respeito ao meio ambiente; Autorizar a entrada e sa\u00edda, inclusive atraca\u00e7\u00e3o e desatraca\u00e7\u00e3o, o fundeio e o tr\u00e1fego de embarca\u00e7\u00f5es na \u00e1rea do porto, ouvidas as demais autoridades do porto;<\/li>\n<\/ul>\n<p>No Porto do Itaqui, a autoridade portu\u00e1ria foi delegada do Governo Federal ao Governo do Estado em 2001 e \u00e9 desempenhada pela EMAP \u2013 Empresa Maranhense de Administra\u00e7\u00e3o Portu\u00e1ria empresa p\u00fablica, com personalidade jur\u00eddica de direito privado, autonomia administrativa, t\u00e9cnica, patrimonial e financeira.<\/p>\n<ul>\n<li><strong>Capitania dos Portos \u2013 Autoridade Mar\u00edtima:\u00a0<\/strong>\u00d3rg\u00e3o subordinado \u00e0 Diretoria de Portos e Costas, do Minist\u00e9rio da Marinha do Brasil, competindo-lhe a regulamenta\u00e7\u00e3o de assuntos referentes \u00e0 navega\u00e7\u00e3o, pesca, praias etc., com base no Regulamento do Tr\u00e1fego Mar\u00edtimo e nas conven\u00e7\u00f5es internacionais firmadas pelo pa\u00eds.<\/li>\n<li><strong>ANTAQ:<\/strong> Ag\u00eancia Nacional de Transportes Aquavi\u00e1rios \u2013 ANTAQ \u00e9 respons\u00e1vel por regular, supervisionar e fiscalizar as atividades de presta\u00e7\u00e3o de servi\u00e7os de transporte aquavi\u00e1rio e de explora\u00e7\u00e3o da infraestrutura portu\u00e1ria e aquavi\u00e1ria.<\/li>\n<li><strong>Anvisa:<\/strong> \u00c9 a autoridade sanit\u00e1ria. Autoridade competente no \u00e2mbito da \u00e1rea da sa\u00fade com poderes legais para estabelecer regulamentos e executar licenciamento (habilita\u00e7\u00e3o) e fiscaliza\u00e7\u00e3o de cargas.<\/li>\n<li><strong>Policia Federal:<\/strong> Exerce as fun\u00e7\u00f5es de pol\u00edcia mar\u00edtima e de fronteira, destinando-se, dentre outros, a prevenir e reprimir o tr\u00e1fico il\u00edcito de entorpecentes e drogas afins, revenir e reprimir o contrabando e o descaminho, sem preju\u00edzo da a\u00e7\u00e3o fazend\u00e1ria e de outros \u00f3rg\u00e3os p\u00fablicos nas respectivas \u00e1reas de compet\u00eancia.<\/li>\n<li><strong>Receita Federal:<\/strong> As compet\u00eancias da Receita Federal do Brasil s\u00e3o, dentre outras, a administra\u00e7\u00e3o dos tributos internos e do com\u00e9rcio exterior; repress\u00e3o ao contrabando e descaminho, no limite da sua al\u00e7ada; gest\u00e3o e execu\u00e7\u00e3o dos servi\u00e7os de administra\u00e7\u00e3o, fiscaliza\u00e7\u00e3o e controle aduaneiro.<\/li>\n<li><strong>Armador:<\/strong> Denomina-se aquele que f\u00edsica ou juridicamente, com recursos pr\u00f3prios, equipa, mant\u00e9m e explora comercialmente as embarca\u00e7\u00f5es mercantis. \u00c9 a empresa propriet\u00e1ria do navio que tem como objetivo transportar mercadorias.<\/li>\n<li><strong>Operadoras Portu\u00e1rias:<\/strong> Pessoa jur\u00eddica pr\u00e9-qualificada para exercer as atividades de movimenta\u00e7\u00e3o de passageiros ou movimenta\u00e7\u00e3o e armazenagem de mercadorias, destinadas ou provenientes de transporte aquavi\u00e1rio, dentro da \u00e1rea do porto organizado. A pr\u00e9-qualifica\u00e7\u00e3o do operador portu\u00e1rio ser\u00e1 efetuada perante a administra\u00e7\u00e3o do porto, conforme normas estabelecidas pelo poder concedente.<\/li>\n<li><strong>Ag\u00eancias Mar\u00edtimas:<\/strong> As ag\u00eancias mar\u00edtimas representam o armador do navio. O agente mar\u00edtimo \u00e9 aquele que representa legalmente uma empresa de navega\u00e7\u00e3o, estando apto a solicitar os v\u00e1rios servi\u00e7os portu\u00e1rios dentro das diversas modalidades do sistema e de servi\u00e7os de outra natureza. TRABALHADORES PORTU\u00c1RIOS AVULSOS O trabalhador portu\u00e1rio avulso \u00e9 aquele habilitado a execu\u00e7\u00e3o do trabalho portu\u00e1rio, devidamente inscrito no cadastro ou registro do \u00d3rg\u00e3o Gestor de M\u00e3o de Obra portu\u00e1rio.<\/li>\n<\/ul>\n<h3>Complexo Portu\u00e1rio do Itaqui Navios\u00a0Atracados<\/h3>\n<p>Voc\u00ea pode visualizar os <em>navios atracados<\/em> no porto pelo site.<\/p>\n<h3>Vagas\u00a0Porto S\u00e3o Lu\u00eds &#8211; Trabalhe Conosco<\/h3>\n<p>O Porto S\u00e3o Lu\u00eds disponibiliza <em>vagas de trabalho<\/em> durante todo ano. Para se informar sobre os processos seletivos e se candidatar as vagas acompanhe o site da empresa, onde \u00e9 poss\u00edvel se informar sobre vagas abertas, sal\u00e1rios e compet\u00eancias necess\u00e1rias para se candidatar ao processo.<\/p>\n<h3>Hor\u00e1rio de Funcionamento Porto em S\u00e3o Lu\u00eds<\/h3>\n<ul>\n<li>24 horas<\/li>\n<\/ul>\n<h3>Endere\u00e7o e Telefone Porto em S\u00e3o Lu\u00eds<\/h3>\n<ul>\n<li>S\u00e3o Lu\u00eds &#8211; MA<\/li>\n<li>Telefone: (98) 3216-6000<\/li>\n<\/ul>\n<h4>Outras informa\u00e7\u00f5es e site<\/h4>\n<ul>\n<li>Mais informa\u00e7\u00f5es:\u00a0<a href=\"http:\/\/www.portodoitaqui.ma.gov.br\/\" target=\"_blank\" rel=\"noopener noreferrer\">www.portodoitaqui.ma.gov.br<\/a><\/li>\n<\/ul>\n<h4>Mapa de localiza\u00e7\u00e3o<\/h4>\n<a class=\"wp-colorbox-iframe\" href=\"https:\/\/www.google.com\/maps\/embed?pb=!1m14!1m8!1m3!1d15943.125413388965!2d-44.3673458!3d-2.577658!3m2!1i1024!2i768!4f13.1!3m3!1m2!1s0x00x56289ce085b5b85d!2sPorto+do+Itaqui!5e0!3m2!1spt-BR!2sbr!4v1540027118044\"><img decoding=\"async\" src=\"http:\/\/www.encontrasaoluisma.com.br\/imgs\/maps-post.png\"><\/a>\n\n<div style=\"font-size: 0px; height: 0px; line-height: 0px; margin: 0; padding: 0; clear: both;\"><\/div>","protected":false},"excerpt":{"rendered":"<p>Porto do Itaqui\u00a0\u00e9 um\u00a0porto\u00a0brasileiro\u00a0localizado na cidade de\u00a0S\u00e3o Luis, no\u00a0estado\u00a0do\u00a0Maranh\u00e3o. O Porto S\u00e3o Luis \u00e9 nacionalmente conhecido por ter uma das maiores amplitudes de\u00a0mar\u00e9\u00a0do Brasil (atr\u00e1s apenas da\u00a0Ilha de Marac\u00e1), podendo ultrapassar sete metros.\u00a0Os projetos para a constru\u00e7\u00e3o de um porto na \u00e1rea onde hoje se encontra o porto do Itaqui datam de 1918, no entanto, as obras nunca foram iniciadas e, somente ap\u00f3s novos estudos realizados pelo\u00a0Departamento Nacional de Portos e Vias Naveg\u00e1veis\u00a0em 1960, a constru\u00e7\u00e3o das primeiras\u00a0acostagens. O Itaqui \u00e9 o 11\u00ba no ranking geral e o sexto entre os portos p\u00fablicos em movimenta\u00e7\u00e3o de cargas.\u00a0A profundidade de seu <\/p>\n","protected":false},"author":1,"featured_media":0,"parent":0,"menu_order":0,"comment_status":"closed","ping_status":"closed","template":"","meta":{"footnotes":""},"class_list":["post-1458","page","type-page","status-publish","hentry"],"_links":{"self":[{"href":"https:\/\/www.encontrasaoluisma.com.br\/sobre\/wp-json\/wp\/v2\/pages\/1458","targetHints":{"allow":["GET"]}}],"collection":[{"href":"https:\/\/www.encontrasaoluisma.com.br\/sobre\/wp-json\/wp\/v2\/pages"}],"about":[{"href":"https:\/\/www.encontrasaoluisma.com.br\/sobre\/wp-json\/wp\/v2\/types\/page"}],"author":[{"embeddable":true,"href":"https:\/\/www.encontrasaoluisma.com.br\/sobre\/wp-json\/wp\/v2\/users\/1"}],"replies":[{"embeddable":true,"href":"https:\/\/www.encontrasaoluisma.com.br\/sobre\/wp-json\/wp\/v2\/comments?post=1458"}],"version-history":[{"count":5,"href":"https:\/\/www.encontrasaoluisma.com.br\/sobre\/wp-json\/wp\/v2\/pages\/1458\/revisions"}],"predecessor-version":[{"id":1670,"href":"https:\/\/www.encontrasaoluisma.com.br\/sobre\/wp-json\/wp\/v2\/pages\/1458\/revisions\/1670"}],"wp:attachment":[{"href":"https:\/\/www.encontrasaoluisma.com.br\/sobre\/wp-json\/wp\/v2\/media?parent=1458"}],"curies":[{"name":"wp","href":"https:\/\/api.w.org\/{rel}","templated":true}]}}