{"id":1482,"date":"2018-10-20T18:47:52","date_gmt":"2018-10-20T18:47:52","guid":{"rendered":"http:\/\/www.encontrasaoluisma.com.br\/sobre\/?page_id=1482"},"modified":"2018-10-20T18:55:36","modified_gmt":"2018-10-20T18:55:36","slug":"viva-cidadao-sao-luis","status":"publish","type":"page","link":"https:\/\/www.encontrasaoluisma.com.br\/sobre\/viva-cidadao-sao-luis\/","title":{"rendered":"Viva Cidad\u00e3o S\u00e3o Luis"},"content":{"rendered":"<div class=\"b2725ec362a26ac90450d31a667f90fe\" data-index=\"1\" style=\"float: none; margin:0px;\">\n<!-- Anuncio display - global -->\r\n<ins class=\"adsbygoogle\"\r\n     style=\"display:block\"\r\n     data-ad-client=\"ca-pub-8585364105181520\"\r\n     data-ad-slot=\"8789329856\"\r\n     data-ad-format=\"auto\"\r\n     data-full-width-responsive=\"true\"><\/ins>\r\n<script>\r\n     (adsbygoogle = window.adsbygoogle || []).push({});\r\n<\/script>\n<\/div>\n<p>O <strong>VIVA Cidad\u00e3o S\u00e3o Luis<\/strong> foi inaugurado em fevereiro de 1998 na capital maranhense, vinculado \u00e0 Secretaria de Estado dos Direito Humanos e Participa\u00e7\u00e3o Popular \u2013 SEDIHPOP.\u00a0Ap\u00f3s reestruturar todas as suas unidades pela primeira vez desde sua inaugura\u00e7\u00e3o, em 2017 o VIVA foi vinculado \u00e0 estrutura administrativa do PROCON\/MA pelo governador Fl\u00e1vio Dino, passando a integrar o Instituto de Promo\u00e7\u00e3o e Defesa do Cidad\u00e3o e Consumidor do Maranh\u00e3o.<\/p>\n<p>O VIVA tem o objetivo de estabelecer e manter novo padr\u00e3o de presta\u00e7\u00e3o dos servi\u00e7os p\u00fablicos e oferecer ao cidad\u00e3o atendimento de qualidade com rapidez e conforto, tudo reunido em um s\u00f3 espa\u00e7o f\u00edsico, com representa\u00e7\u00f5es de diversos parceiros, para atender\u00a0a demanda da comunidade.\u00a0O VIVA possui atualmente 50 unidades divididas em Unidades de grande, m\u00e9dio, pequeno porte, m\u00f3veis e anexas.<\/p>\n<p><img loading=\"lazy\" decoding=\"async\" class=\"alignnone wp-image-1483 size-full\" title=\"Viva Cidad\u00e3o S\u00e3o Luis\" src=\"http:\/\/www.encontrasaoluisma.com.br\/sobre\/wp-content\/uploads\/2018\/10\/viva-cidadao-sao-luis.gif\" alt=\"Viva Cidad\u00e3o S\u00e3o Luis\" width=\"680\" height=\"189\" \/><\/p>\n<p>A miss\u00e3o do Viva Cidad\u00e3o \u00e9\u00a0Fortalecer o exerc\u00edcio da cidadania, facilitando o acesso da comunidade \u00e0 a\u00e7\u00e3o de qualidade na presta\u00e7\u00e3o de servi\u00e7os p\u00fablicos.<\/p>\n<h2>Viva Cidad\u00e3o\u00a0S\u00e3o Lu\u00eds Agendamento<\/h2>\n<p>Para fazer <em>o agendamento<\/em> do servi\u00e7o procurado \u00e9 necess\u00e1rio se cadastrar no site e criar um login e senha. Depois desse primeiro passo basta acessar a p\u00e1gina <a href=\"http:\/\/app.viva.ma.gov.br\/app\/agendamento\/\">neste link<\/a> e escolher o dia mais adequado para voc\u00ea.<\/p>\n<h3>Viva Cidad\u00e3o\u00a0S\u00e3o Lu\u00eds Servi\u00e7os<em><br \/>\n<\/em><\/h3>\n<p>O Viva Cidad\u00e3o oferece os seguintes <em>servi\u00e7os:<\/em><\/p>\n<ul>\n<li><strong>ANTECEDENTES CRIMINAIS.<\/strong><\/li>\n<li><strong>BALC\u00c3O DO CIDAD\u00c3O<\/strong>\u00a0\u2013 Emiss\u00e3o de 1\u00ba e 2\u00ba via, Consultas, Altera\u00e7\u00f5es e Regulariza\u00e7\u00e3o de CPF, Certid\u00f5es Negativas e Servi\u00e7os\u00a0<em>Online<\/em>.<\/li>\n<li><strong>CADASTRO DE FORNECEDORES<\/strong>\u00a0\u2013 SIAGEM.<\/li>\n<li><strong>CAEMA<\/strong>\u00a0\u2013 2\u00aa Via de faturas, negocia\u00e7\u00e3o, certid\u00e3o negativa e reclama\u00e7\u00f5es.<\/li>\n<li><strong>CAIXA AQUI<\/strong>\u00a0(Caixa Econ\u00f4mica Federal) \u2013 Servi\u00e7os banc\u00e1rios.<\/li>\n<li><strong>CART\u00d3RIO DE PROTESTOS<\/strong>\u00a0 \u2013 Certid\u00e3o de protestos.<\/li>\n<li><strong>CART\u00d3RIOS MARANH\u00c3O<\/strong>\u00a0\u2013 2\u00ba via de Certid\u00f5es do Estado do Maranh\u00e3o.<\/li>\n<li><strong>CEMAR<\/strong>\u00a0\u2013 2\u00aa via de faturas, negocia\u00e7\u00e3o, certid\u00e3o negativa e reclama\u00e7\u00f5es.<\/li>\n<li><strong>CENTRAL DE AUTORIZA\u00c7\u00d5ES<\/strong>\u00a0\u2013 Emiss\u00e3o de autoriza\u00e7\u00f5es.<\/li>\n<li><strong>CORPO DE BOMBEIROS<\/strong>\u00a0\u2013 Alvar\u00e1, Certificados e Vistorias.<\/li>\n<li><strong>DETRAN<\/strong>\u00a0\u2013 CNH, Renova\u00e7\u00e3o, Mudan\u00e7a de Categoria, devolu\u00e7\u00e3o de documentos.<\/li>\n<li><strong>DI\u00c1RIO OFICIAL<\/strong>\u00a0\u2013 Publica\u00e7\u00e3o, assinatura e venda.<\/li>\n<li><strong>E-OUV<\/strong>\u00a0\u2013 Ouvidorias do Governo do Estado.<\/li>\n<li><strong>INMEQ-MA (INMETRO)\u00a0<\/strong>\u2013 Instituto de Metrologia e Qualidade Industrial do Maranh\u00e3o.<\/li>\n<li><strong>INSS<\/strong>\u00a0\u2013 Certid\u00e3o Negativa, CNIS e Contagem de Tempo de Servi\u00e7o.<\/li>\n<li><strong>JUCEMA<\/strong>\u00a0\u2013 Abertura e funcionamento de empresas.<\/li>\n<li><strong>MINIST\u00c9RIO DO TRABALHO E EMPREGO<\/strong>\u00a0\u2013 Emiss\u00e3o e Entrega de CTPS.<\/li>\n<li><strong>PAG F\u00c1CIL (Banco do Brasil)<\/strong>\u00a0\u2013 Servi\u00e7os banc\u00e1rios.<\/li>\n<li><strong>PROCON<\/strong>\u00a0\u2013 Instituto de Promo\u00e7\u00e3o e Defesa do Cidad\u00e3o e Consumidor.<\/li>\n<li><strong>RECEITA FEDERAL<\/strong>\u00a0\u2013 Inscri\u00e7\u00e3o, Altera\u00e7\u00e3o, Regulariza\u00e7\u00e3o, Procura\u00e7\u00e3o Eletr\u00f4nica, Pesquisa Fiscal e Jur\u00eddica, Cadastro do CNPJ, Emiss\u00e3o de DARF e CNIR.<\/li>\n<li><strong>SAAE<\/strong>\u00a0(Servi\u00e7os de Abastecimento de \u00c1gua e Esgoto) 2\u00aa via de contas, liga\u00e7\u00f5es, certid\u00e3o negativa, extratos.<\/li>\n<li><strong>SEBRAE<\/strong>\u00a0\u2013 Inscri\u00e7\u00f5es para cursos, consultoria empresarial, oficinas e palestras.<\/li>\n<li><strong>SECRETARIA DE MEIO AMBIENTE.<\/strong><\/li>\n<li><strong>SECRETARIA DE SEGURAN\u00c7A P\u00daBLICA<\/strong>\u2013 Emiss\u00e3o e Entrega de RG e Antecedentes Criminais.<\/li>\n<li><strong>SEFAZ<\/strong>\u00a0\u2013 IPVA e ICMS; Consultas, DARE.<\/li>\n<li><strong>SEMFAZ<\/strong>\u00a0\u2013 IPTU, alvar\u00e1 para empresas, ITBI, certid\u00f5es, Nota Fiscal Eletr\u00f4nica, Cadastramento de Empresa n\u00e3o Estabelecida.<\/li>\n<li><strong>SMTT \u2013\u00a0<\/strong>Credencial para estacionamento especial.<\/li>\n<li><strong>TRE\/MA<\/strong>\u00a0\u2013 Emiss\u00e3o de t\u00edtulo de eleitor, transfer\u00eancias, certid\u00f5es.<\/li>\n<\/ul>\n<h3>Hor\u00e1rio de Funcionamento Viva Cidad\u00e3o em S\u00e3o Lu\u00eds<\/h3>\n<ul>\n<li>Segunda a Quinta das 10h \u00e0s 22h \/ S\u00e1bado e Domingo das 136h \u00e0s 19h<\/li>\n<\/ul>\n<h3>Endere\u00e7o e Telefone Viva Cidad\u00e3o em S\u00e3o Lu\u00eds<\/h3>\n<ul>\n<li>Av. Daniel de la Touche, 987 &#8211; Cohama &#8211; S\u00e3o Lu\u00eds &#8211; MA<\/li>\n<li>Telefone: (98) 3246-9209<\/li>\n<\/ul>\n<h4>Outras informa\u00e7\u00f5es e site<\/h4>\n<ul>\n<li>Mais informa\u00e7\u00f5es:\u00a0<a href=\"http:\/\/www.viva.ma.gov.br\/\" target=\"_blank\" rel=\"noopener noreferrer\">www.viva.ma.gov.br<\/a><\/li>\n<\/ul>\n<h4>Mapa de localiza\u00e7\u00e3o<\/h4>\n<a class=\"wp-colorbox-iframe\" href=\"https:\/\/www.google.com\/maps\/embed?pb=!1m14!1m8!1m3!1d15943.74821012469!2d-44.2550163!3d-2.527453!3m2!1i1024!2i768!4f13.1!3m3!1m2!1s0x00xddcfb6b0c2987763!2sViva!5e0!3m2!1spt-BR!2sbr!4v1540060308462\"><img decoding=\"async\" src=\"http:\/\/www.encontrasaoluisma.com.br\/imgs\/maps-post.png\"><\/a>\n\n<div style=\"font-size: 0px; height: 0px; line-height: 0px; margin: 0; padding: 0; clear: both;\"><\/div>","protected":false},"excerpt":{"rendered":"<p>O VIVA Cidad\u00e3o S\u00e3o Luis foi inaugurado em fevereiro de 1998 na capital maranhense, vinculado \u00e0 Secretaria de Estado dos Direito Humanos e Participa\u00e7\u00e3o Popular \u2013 SEDIHPOP.\u00a0Ap\u00f3s reestruturar todas as suas unidades pela primeira vez desde sua inaugura\u00e7\u00e3o, em 2017 o VIVA foi vinculado \u00e0 estrutura administrativa do PROCON\/MA pelo governador Fl\u00e1vio Dino, passando a integrar o Instituto de Promo\u00e7\u00e3o e Defesa do Cidad\u00e3o e Consumidor do Maranh\u00e3o. O VIVA tem o objetivo de estabelecer e manter novo padr\u00e3o de presta\u00e7\u00e3o dos servi\u00e7os p\u00fablicos e oferecer ao cidad\u00e3o atendimento de qualidade com rapidez e conforto, tudo reunido em um s\u00f3 <\/p>\n","protected":false},"author":1,"featured_media":0,"parent":0,"menu_order":0,"comment_status":"closed","ping_status":"closed","template":"","meta":{"footnotes":""},"class_list":["post-1482","page","type-page","status-publish","hentry"],"_links":{"self":[{"href":"https:\/\/www.encontrasaoluisma.com.br\/sobre\/wp-json\/wp\/v2\/pages\/1482","targetHints":{"allow":["GET"]}}],"collection":[{"href":"https:\/\/www.encontrasaoluisma.com.br\/sobre\/wp-json\/wp\/v2\/pages"}],"about":[{"href":"https:\/\/www.encontrasaoluisma.com.br\/sobre\/wp-json\/wp\/v2\/types\/page"}],"author":[{"embeddable":true,"href":"https:\/\/www.encontrasaoluisma.com.br\/sobre\/wp-json\/wp\/v2\/users\/1"}],"replies":[{"embeddable":true,"href":"https:\/\/www.encontrasaoluisma.com.br\/sobre\/wp-json\/wp\/v2\/comments?post=1482"}],"version-history":[{"count":2,"href":"https:\/\/www.encontrasaoluisma.com.br\/sobre\/wp-json\/wp\/v2\/pages\/1482\/revisions"}],"predecessor-version":[{"id":1485,"href":"https:\/\/www.encontrasaoluisma.com.br\/sobre\/wp-json\/wp\/v2\/pages\/1482\/revisions\/1485"}],"wp:attachment":[{"href":"https:\/\/www.encontrasaoluisma.com.br\/sobre\/wp-json\/wp\/v2\/media?parent=1482"}],"curies":[{"name":"wp","href":"https:\/\/api.w.org\/{rel}","templated":true}]}}