{"id":1514,"date":"2018-10-21T14:32:51","date_gmt":"2018-10-21T14:32:51","guid":{"rendered":"http:\/\/www.encontrasaoluisma.com.br\/sobre\/?page_id=1514"},"modified":"2018-10-21T14:34:03","modified_gmt":"2018-10-21T14:34:03","slug":"teatro-arthur-azevedo-sao-luis","status":"publish","type":"page","link":"https:\/\/www.encontrasaoluisma.com.br\/sobre\/teatro-arthur-azevedo-sao-luis\/","title":{"rendered":"Teatro Arthur Azevedo S\u00e3o Luis"},"content":{"rendered":"<div class=\"b2725ec362a26ac90450d31a667f90fe\" data-index=\"1\" style=\"float: none; margin:0px;\">\n<!-- Anuncio display - global -->\r\n<ins class=\"adsbygoogle\"\r\n     style=\"display:block\"\r\n     data-ad-client=\"ca-pub-8585364105181520\"\r\n     data-ad-slot=\"8789329856\"\r\n     data-ad-format=\"auto\"\r\n     data-full-width-responsive=\"true\"><\/ins>\r\n<script>\r\n     (adsbygoogle = window.adsbygoogle || []).push({});\r\n<\/script>\n<\/div>\n<p>O <strong>Teatro Arthur Azevedo S\u00e3o Luis<\/strong> foi edificado em estilo arquitet\u00f4nico neocl\u00e1ssico, constitui-se no \u00fanico exemplar verdadeiro desse estilo em S\u00e3o Lu\u00eds. No Brasil, o neocl\u00e1ssico foi difundido com a chegada da miss\u00e3o art\u00edstica francesa, trazida por Dom Jo\u00e3o VI em 1816. No Rio de Janeiro, a primeira edifica\u00e7\u00e3o no estilo neocl\u00e1ssico s\u00f3 ocorreu em 1819.<\/p>\n<p>Nascia assim o Teatro Uni\u00e3o, inaugurado em 1\u00ba de junho de 1817, dois anos ap\u00f3s a inclus\u00e3o do Brasil ao Reino Unido de Portugal e Algarves, fato que originou o nome do pr\u00e9dio. O projeto era grandioso. Na \u00e9poca, S\u00e3o Lu\u00eds era a quarta maior cidade do Brasil e os 800 lugares do teatro representavam 5% da popula\u00e7\u00e3o local. O nome Teatro\u00a0Arthur Azevedo, viria na d\u00e9cada de 20 em homenagem a um importante teatr\u00f3logo maranhense. Desde ent\u00e3o, o lugar enfrentou momentos de crise e chegou a funcionar como cinema, al\u00e9m de sofrer restaura\u00e7\u00f5es que acabaram por descaracterizar alguns de seus elementos. Na d\u00e9cada de 60, o governo do estado p\u00f4s fim ao contrato com a empresa cinematogr\u00e1fica que o havia arrendado.<\/p>\n<p><img loading=\"lazy\" decoding=\"async\" class=\"alignnone wp-image-1515 size-full\" title=\"Teatro Arthur Azevedo S\u00e3o Luis\" src=\"http:\/\/www.encontrasaoluisma.com.br\/sobre\/wp-content\/uploads\/2018\/10\/teatro-arthur-azevedo-sao-luis.gif\" alt=\"Teatro Arthur Azevedo S\u00e3o Luis\" width=\"680\" height=\"189\" \/><\/p>\n<p>O Teatro tem a lota\u00e7\u00e3o de 750 lugares:<\/p>\n<p>&#8211; 222 lugares na Plateia;<\/p>\n<p>&#8211; 132 lugares nas Frisas;<\/p>\n<p>&#8211; 120 lugares nos Camarotes;<\/p>\n<p>&#8211; 132 lugares nos Balc\u00f5es;<\/p>\n<p>&#8211; 132 lugares nas Galerias;<\/p>\n<p>&#8211; 12 lugares no Camarote Oficial.<\/p>\n<h2>Teatro Arthur Azevedo S\u00e3o Lu\u00eds\u00a0Visita\u00e7\u00e3o<\/h2>\n<p>Existe a possibilidade de <em>visitar<\/em> o Teatro Arthur Azevedo nos seguintes hor\u00e1rios:<\/p>\n<p>De Ter\u00e7a-feira a Domingo<br \/>\nHor\u00e1rios:\u00a014h, 14h30, 15h, 15h30, 16h, 16h30, 17h<\/p>\n<h3>Teatro Arthur Azevedo S\u00e3o Lu\u00eds Pre\u00e7os<\/h3>\n<p>Os pre\u00e7os variam de acordo com os espet\u00e1culos dispon\u00edveis no Teatro.. Voc\u00ea pode consulta-los\u00a0fazendo contato com a bilheteria do Teatro Arthur Azevedo.<\/p>\n<h3>Hor\u00e1rio de Funcionamento Teatro Arthur Azevedo em S\u00e3o Lu\u00eds<\/h3>\n<ul>\n<li>Ter\u00e7a a Domingo a partir das 14 horas<\/li>\n<\/ul>\n<h3>Endere\u00e7o e Telefone Teatro Arthur Azevedo em S\u00e3o Lu\u00eds<\/h3>\n<ul>\n<li>R. do Sol, S\/n &#8211; Centro &#8211; S\u00e3o Lu\u00eds &#8211; MA<\/li>\n<li>Telefone: (98) 3218-9900<\/li>\n<\/ul>\n<h4>Outras informa\u00e7\u00f5es e site<\/h4>\n<ul>\n<li>Mais informa\u00e7\u00f5es:\u00a0<a href=\"http:\/\/www.cultura.ma.gov.br\/taa\/index.php?page=historia\" target=\"_blank\" rel=\"noopener noreferrer\">www.cultura.ma.gov.br<\/a><\/li>\n<\/ul>\n<h4>Mapa de localiza\u00e7\u00e3o<\/h4>\n<a class=\"wp-colorbox-iframe\" href=\"https:\/\/www.google.com\/maps\/embed?pb=!1m14!1m8!1m3!1d15943.73023589436!2d-44.3024834!3d-2.5289159!3m2!1i1024!2i768!4f13.1!3m3!1m2!1s0x00x3f66c06359ed1621!2sTeatro+Arthur+Azevedo!5e0!3m2!1spt-BR!2sbr!4v1540131008910\"><img decoding=\"async\" src=\"http:\/\/www.encontrasaoluisma.com.br\/imgs\/maps-post.png\"><\/a>\n\n<div style=\"font-size: 0px; height: 0px; line-height: 0px; margin: 0; padding: 0; clear: both;\"><\/div>","protected":false},"excerpt":{"rendered":"<p>O Teatro Arthur Azevedo S\u00e3o Luis foi edificado em estilo arquitet\u00f4nico neocl\u00e1ssico, constitui-se no \u00fanico exemplar verdadeiro desse estilo em S\u00e3o Lu\u00eds. No Brasil, o neocl\u00e1ssico foi difundido com a chegada da miss\u00e3o art\u00edstica francesa, trazida por Dom Jo\u00e3o VI em 1816. No Rio de Janeiro, a primeira edifica\u00e7\u00e3o no estilo neocl\u00e1ssico s\u00f3 ocorreu em 1819. Nascia assim o Teatro Uni\u00e3o, inaugurado em 1\u00ba de junho de 1817, dois anos ap\u00f3s a inclus\u00e3o do Brasil ao Reino Unido de Portugal e Algarves, fato que originou o nome do pr\u00e9dio. O projeto era grandioso. Na \u00e9poca, S\u00e3o Lu\u00eds era a quarta <\/p>\n","protected":false},"author":1,"featured_media":0,"parent":0,"menu_order":0,"comment_status":"closed","ping_status":"closed","template":"","meta":{"footnotes":""},"class_list":["post-1514","page","type-page","status-publish","hentry"],"_links":{"self":[{"href":"https:\/\/www.encontrasaoluisma.com.br\/sobre\/wp-json\/wp\/v2\/pages\/1514","targetHints":{"allow":["GET"]}}],"collection":[{"href":"https:\/\/www.encontrasaoluisma.com.br\/sobre\/wp-json\/wp\/v2\/pages"}],"about":[{"href":"https:\/\/www.encontrasaoluisma.com.br\/sobre\/wp-json\/wp\/v2\/types\/page"}],"author":[{"embeddable":true,"href":"https:\/\/www.encontrasaoluisma.com.br\/sobre\/wp-json\/wp\/v2\/users\/1"}],"replies":[{"embeddable":true,"href":"https:\/\/www.encontrasaoluisma.com.br\/sobre\/wp-json\/wp\/v2\/comments?post=1514"}],"version-history":[{"count":2,"href":"https:\/\/www.encontrasaoluisma.com.br\/sobre\/wp-json\/wp\/v2\/pages\/1514\/revisions"}],"predecessor-version":[{"id":1517,"href":"https:\/\/www.encontrasaoluisma.com.br\/sobre\/wp-json\/wp\/v2\/pages\/1514\/revisions\/1517"}],"wp:attachment":[{"href":"https:\/\/www.encontrasaoluisma.com.br\/sobre\/wp-json\/wp\/v2\/media?parent=1514"}],"curies":[{"name":"wp","href":"https:\/\/api.w.org\/{rel}","templated":true}]}}