{"id":1543,"date":"2018-10-23T09:04:16","date_gmt":"2018-10-23T09:04:16","guid":{"rendered":"http:\/\/www.encontrasaoluisma.com.br\/sobre\/?page_id=1543"},"modified":"2018-12-13T11:18:43","modified_gmt":"2018-12-13T11:18:43","slug":"mercado-central-sao-luis","status":"publish","type":"page","link":"https:\/\/www.encontrasaoluisma.com.br\/sobre\/mercado-central-sao-luis\/","title":{"rendered":"Mercado Central S\u00e3o Luis"},"content":{"rendered":"<div class=\"b2725ec362a26ac90450d31a667f90fe\" data-index=\"1\" style=\"float: none; margin:0px;\">\n<!-- Anuncio display - global -->\r\n<ins class=\"adsbygoogle\"\r\n     style=\"display:block\"\r\n     data-ad-client=\"ca-pub-8585364105181520\"\r\n     data-ad-slot=\"8789329856\"\r\n     data-ad-format=\"auto\"\r\n     data-full-width-responsive=\"true\"><\/ins>\r\n<script>\r\n     (adsbygoogle = window.adsbygoogle || []).push({});\r\n<\/script>\n<\/div>\n<p>O <strong>Mercado Central S\u00e3o Luis<\/strong> est\u00e1 localizado no Centro Hist\u00f3rico de S\u00e3o Lu\u00eds e foi constru\u00eddo em 1864.\u00a0 O Mercado Central tem grande import\u00e2ncia nas compras de produtos aliment\u00edcios, mas, tamb\u00e9m, como ponto de encontro entre amigos por ser uma mistura de sabores, cheiros, cores e artes. \u00c9 um pr\u00e9dio de arquitetura muito simples, um galp\u00e3o subdividido em boxes e corredores que ao longo dos anos teve sua estrutura modificada e deteriorada, tanto que hoje precisa urgentemente de reformas estruturais.<\/p>\n<p>Ali se encontra o que de mais peculiar o ludovicense tem em suas ra\u00edzes: frutas e bebidas regionais, doces caseiros, plantas medicinais, ca\u00e7as, gr\u00e3os, carnes, legumes, hortali\u00e7as e artesanatos. Os feirantes\/comerciantes apresentaram uma m\u00e9dia de idade de 40 anos, na sua maioria residem em \u00e1reas urbanas e que vendem produtos oriundos, principalmente, de outros Estados. Quanto aos consumidores, detectou-se que possuem idade m\u00e9dia de 43 anos e que s\u00e3o moradores de diversos bairros e que s\u00e3o atra\u00eddos para este espa\u00e7o pelo pre\u00e7o baixo. Conclu\u00edmos que apesar das defici\u00eancias, o Mercado Central possui alta rotatividade de consumidores.<\/p>\n<p><img loading=\"lazy\" decoding=\"async\" class=\"alignnone wp-image-1544 size-full\" title=\"Mercado Central S\u00e3o Luis\" src=\"http:\/\/www.encontrasaoluisma.com.br\/sobre\/wp-content\/uploads\/2018\/10\/mercado-central-sao-luis.gif\" alt=\"Mercado Central S\u00e3o Luis\" width=\"680\" height=\"189\" \/><\/p>\n<p>Nos \u00faltimos anos presenciou-se em S\u00e3o Lu\u00eds uma maior urbaniza\u00e7\u00e3o, modifica\u00e7\u00f5es no n\u00famero e na apresenta\u00e7\u00e3o dos supermercados, aumento da renda e chegada de muitas pessoas de outros Estados com h\u00e1bitos e exig\u00eancias diferentes dos habitantes locais. Como consequ\u00eancia, alguns espa\u00e7os destinados \u00e0 venda de alimentos se multiplicaram e se modernizaram, e com isso, houve uma diminui\u00e7\u00e3o de consumidores nos mercados p\u00fablicos. Pesquisas recentes demonstram que dentre as raz\u00f5es que tem afastado os consumidores dos mercados p\u00fablicos, est\u00e3o: poucas op\u00e7\u00f5es de produtos; seguran\u00e7a no local; qualidade do produto; falta de higiene, dentre outros.<\/p>\n<h2>Hist\u00f3ria\u00a0do Mercado Central de S\u00e3o Luis<strong><\/strong><\/h2>\n<p>O Mercado Central de S\u00e3o Lu\u00eds foi fundado em 1864. Entretanto, o pr\u00e9dio original foi demolido e reconstru\u00eddo pelo interventor Paulo Ramos, em 1939, atrav\u00e9s de um programa sanitarista, sendo entregue \u00e0 popula\u00e7\u00e3o em 12 de maio de 1941. Foi chamado durante muito tempo de Mercado Novo, em raz\u00e3o dessa reconstru\u00e7\u00e3o. O lugar tamb\u00e9m j\u00e1 foi chamado de Largo do A\u00e7ougue Velho, pela exist\u00eancia de um curtume que tinha vinculo com o curral municipal, na d\u00e9cada de 40. No local, j\u00e1 funcionou o antigo gas\u00f4metro, que abastecia os postes de ilumina\u00e7\u00e3o p\u00fablica de todo centro da cidade.<\/p>\n<h3>Estrutura do Mercado Central de S\u00e3o Luis<strong><\/strong><\/h3>\n<p><em>Existem cerca de 450 estabelecimentos<\/em> no Mercado Central de S\u00e3o Lu\u00eds, mantendo direta e indiretamente cerca de mil trabalhadores, gerando renda para quase dois mil e quinhentas pessoas.<\/p>\n<p>O Mercado \u00e9 bastante procurado pela grande variedade de produtos comercializados. \u00c9 poss\u00edvel encontrar: frutas e bebidas regionais, doces caseiros, ervas, plantas medicinais, gr\u00e3os, al\u00e9m de carnes, aves, peixes, mariscos, legumes, hortali\u00e7as, artesanato em palha, couro e madeira, gaiolas, vassouras, funis, entre outras coisas.<\/p>\n<p>H\u00e1 um projeto de reforma do Mercado Central pela Prefeitura de S\u00e3o Lu\u00eds, por meio da Secretaria Municipal de Agricultura, Pesca e Abastecimento (Semapa), em parceria com o Governo Federal, por meio do Instituto do Patrim\u00f4nio Hist\u00f3rico e Art\u00edstico Nacional (Iphan), atrav\u00e9s do PAC Cidades Hist\u00f3ricas, previsto para 2017. Dentre as propostas, estaria a setoriza\u00e7\u00e3o dos servi\u00e7os e produtos oferecidos pelos feirantes, dando maior espa\u00e7o, conforto e mobilidade para vendedores e clientes. A obra, no entanto, ainda n\u00e3o foi iniciada<\/p>\n<h3>Hor\u00e1rio de Funcionamento Mercado Central em S\u00e3o Lu\u00eds<\/h3>\n<ul>\n<li>Segunda a Sexta das 05h \u00e0s 17h30 \/ S\u00e1bado e Domingo das 06h \u00e0s 12h30<\/li>\n<\/ul>\n<h3>Endere\u00e7o e Telefone Mercado Central em S\u00e3o Lu\u00eds<\/h3>\n<ul>\n<li>Av. Guaxenduba, 01 &#8211; Centro &#8211; S\u00e3o Lu\u00eds &#8211; MA<\/li>\n<li>Telefone:\u00a0n\u00e3o informado<\/li>\n<\/ul>\n<h4>Mapa de localiza\u00e7\u00e3o<\/h4>\n<a class=\"wp-colorbox-iframe\" href=\"https:\/\/www.google.com\/maps\/embed?pb=!1m14!1m8!1m3!1d15943.667332290248!2d-44.3009944!3d-2.5340289!3m2!1i1024!2i768!4f13.1!3m3!1m2!1s0x00x1c4c4ab792f4115e!2sMercado+Central!5e0!3m2!1spt-BR!2sbr!4v1540285278279\"><img decoding=\"async\" src=\"http:\/\/www.encontrasaoluisma.com.br\/imgs\/maps-post.png\"><\/a>\n\n<div style=\"font-size: 0px; height: 0px; line-height: 0px; margin: 0; padding: 0; clear: both;\"><\/div>","protected":false},"excerpt":{"rendered":"<p>O Mercado Central S\u00e3o Luis est\u00e1 localizado no Centro Hist\u00f3rico de S\u00e3o Lu\u00eds e foi constru\u00eddo em 1864.\u00a0 O Mercado Central tem grande import\u00e2ncia nas compras de produtos aliment\u00edcios, mas, tamb\u00e9m, como ponto de encontro entre amigos por ser uma mistura de sabores, cheiros, cores e artes. \u00c9 um pr\u00e9dio de arquitetura muito simples, um galp\u00e3o subdividido em boxes e corredores que ao longo dos anos teve sua estrutura modificada e deteriorada, tanto que hoje precisa urgentemente de reformas estruturais. Ali se encontra o que de mais peculiar o ludovicense tem em suas ra\u00edzes: frutas e bebidas regionais, doces caseiros, <\/p>\n","protected":false},"author":1,"featured_media":0,"parent":0,"menu_order":0,"comment_status":"closed","ping_status":"closed","template":"","meta":{"footnotes":""},"class_list":["post-1543","page","type-page","status-publish","hentry"],"_links":{"self":[{"href":"https:\/\/www.encontrasaoluisma.com.br\/sobre\/wp-json\/wp\/v2\/pages\/1543","targetHints":{"allow":["GET"]}}],"collection":[{"href":"https:\/\/www.encontrasaoluisma.com.br\/sobre\/wp-json\/wp\/v2\/pages"}],"about":[{"href":"https:\/\/www.encontrasaoluisma.com.br\/sobre\/wp-json\/wp\/v2\/types\/page"}],"author":[{"embeddable":true,"href":"https:\/\/www.encontrasaoluisma.com.br\/sobre\/wp-json\/wp\/v2\/users\/1"}],"replies":[{"embeddable":true,"href":"https:\/\/www.encontrasaoluisma.com.br\/sobre\/wp-json\/wp\/v2\/comments?post=1543"}],"version-history":[{"count":4,"href":"https:\/\/www.encontrasaoluisma.com.br\/sobre\/wp-json\/wp\/v2\/pages\/1543\/revisions"}],"predecessor-version":[{"id":1627,"href":"https:\/\/www.encontrasaoluisma.com.br\/sobre\/wp-json\/wp\/v2\/pages\/1543\/revisions\/1627"}],"wp:attachment":[{"href":"https:\/\/www.encontrasaoluisma.com.br\/sobre\/wp-json\/wp\/v2\/media?parent=1543"}],"curies":[{"name":"wp","href":"https:\/\/api.w.org\/{rel}","templated":true}]}}