{"id":340,"date":"2018-06-25T08:46:26","date_gmt":"2018-06-25T08:46:26","guid":{"rendered":"http:\/\/www.encontrasaoluisma.com.br\/sobre\/?page_id=340"},"modified":"2018-06-25T08:47:02","modified_gmt":"2018-06-25T08:47:02","slug":"hci-sao-luis","status":"publish","type":"page","link":"https:\/\/www.encontrasaoluisma.com.br\/sobre\/hci-sao-luis\/","title":{"rendered":"HCI S\u00e3o Luis"},"content":{"rendered":"<div class=\"b2725ec362a26ac90450d31a667f90fe\" data-index=\"1\" style=\"float: none; margin:0px;\">\n<!-- Anuncio display - global -->\r\n<ins class=\"adsbygoogle\"\r\n     style=\"display:block\"\r\n     data-ad-client=\"ca-pub-8585364105181520\"\r\n     data-ad-slot=\"8789329856\"\r\n     data-ad-format=\"auto\"\r\n     data-full-width-responsive=\"true\"><\/ins>\r\n<script>\r\n     (adsbygoogle = window.adsbygoogle || []).push({});\r\n<\/script>\n<\/div>\n<p>Hospitais e Clinicas s\u00e3o locais destinados ao atendimento de doentes, para proporcionar o diagn\u00f3stico, que pode ser e v\u00e1rios tipos (laboratorial, cl\u00ednico, cinesiol\u00f3gico-funcional) e o tratamento necess\u00e1rio. Trabalham em hospital profissionais de limpeza, administra\u00e7\u00e3o, diretoria, recep\u00e7\u00e3o, e principalmente profissionais de sa\u00fade, como m\u00e9dicos, cirurgi\u00f5es-dentistas, enfermeiros, fisioterapeutas, etc. Conhe\u00e7a o <strong>HCI S\u00e3o Lu\u00eds.<\/strong><\/p>\n<p><img loading=\"lazy\" decoding=\"async\" class=\"alignnone wp-image-341 size-full\" title=\"HCI S\u00e3o Lu\u00eds\" src=\"http:\/\/www.encontrasaoluisma.com.br\/sobre\/wp-content\/uploads\/2018\/06\/hci-sao-luis.gif\" alt=\"HCI S\u00e3o Lu\u00eds\" width=\"680\" height=\"189\" \/><\/p>\n<h3>Vagas\u00a0HCI S\u00e3o Lu\u00eds &#8211; Trabalhe Conosco<\/h3>\n<p>Se voc\u00ea tem paix\u00e3o pelo que faz e garra para alcan\u00e7ar seus objetivos, junte-se ao time da\u00a0HCI S\u00e3o Lu\u00eds.\u00a0 Para alcan\u00e7ar seu objetivo de neg\u00f3cios, a empresa procura os melhores talentos e profissionais que queiram crescer continuamente com a empresa. Voc\u00ea se encaixa neste perfil? Acesse o site da empresa e envie o seu curr\u00edculo.<\/p>\n<h3>Hor\u00e1rio de Funcionamento\u00a0HCI em S\u00e3o Lu\u00eds<\/h3>\n<ul>\n<li>24 hoas<\/li>\n<\/ul>\n<h3>Endere\u00e7o e Telefone\u00a0HCI em S\u00e3o Lu\u00eds<\/h3>\n<ul>\n<li>Rua Outeiro, 465 &#8211;\u00a0S\u00e3o Lu\u00eds \u2013 MA<\/li>\n<li>Telefone: (98) 3231-2198<\/li>\n<\/ul>\n<h4>Outras informa\u00e7\u00f5es e site<\/h4>\n<ul>\n<li>Mais informa\u00e7\u00f5es:\u00a0<a href=\"http:\/\/www.hospitaldeclinicas.com.br\/\" target=\"_blank\" rel=\"noopener noreferrer\">www.hospitaldeclinicas.com.br<\/a><\/li>\n<\/ul>\n<h4>Mapa de localiza\u00e7\u00e3o<\/h4>\n<a class=\"wp-colorbox-iframe\" href=\"https:\/\/www.google.com\/maps\/embed?pb=!1m18!1m12!1m3!1d3985.91543180241!2d-44.29769468524414!3d-2.5344839981532097!2m3!1f0!2f0!3f0!3m2!1i1024!2i768!4f13.1!3m3!1m2!1s0x7f68ee2d22a5be50xb8d5b067c05f7180!2sR.+do+Outeiro+465+-+Centro+So+Lus+-+MA+65025-670!5e0!3m2!1spt-BR!2sbr!4v1529916213589\"><img decoding=\"async\" src=\"http:\/\/www.encontrasaoluisma.com.br\/imgs\/maps-post.png\"><\/a>\n\n<div style=\"font-size: 0px; height: 0px; line-height: 0px; margin: 0; padding: 0; clear: both;\"><\/div>","protected":false},"excerpt":{"rendered":"<p>Hospitais e Clinicas s\u00e3o locais destinados ao atendimento de doentes, para proporcionar o diagn\u00f3stico, que pode ser e v\u00e1rios tipos (laboratorial, cl\u00ednico, cinesiol\u00f3gico-funcional) e o tratamento necess\u00e1rio. Trabalham em hospital profissionais de limpeza, administra\u00e7\u00e3o, diretoria, recep\u00e7\u00e3o, e principalmente profissionais de sa\u00fade, como m\u00e9dicos, cirurgi\u00f5es-dentistas, enfermeiros, fisioterapeutas, etc. Conhe\u00e7a o HCI S\u00e3o Lu\u00eds. Vagas\u00a0HCI S\u00e3o Lu\u00eds &#8211; Trabalhe Conosco Se voc\u00ea tem paix\u00e3o pelo que faz e garra para alcan\u00e7ar seus objetivos, junte-se ao time da\u00a0HCI S\u00e3o Lu\u00eds.\u00a0 Para alcan\u00e7ar seu objetivo de neg\u00f3cios, a empresa procura os melhores talentos e profissionais que queiram crescer continuamente com a empresa. Voc\u00ea se <\/p>\n","protected":false},"author":1,"featured_media":0,"parent":0,"menu_order":0,"comment_status":"closed","ping_status":"closed","template":"","meta":{"footnotes":""},"class_list":["post-340","page","type-page","status-publish","hentry"],"_links":{"self":[{"href":"https:\/\/www.encontrasaoluisma.com.br\/sobre\/wp-json\/wp\/v2\/pages\/340","targetHints":{"allow":["GET"]}}],"collection":[{"href":"https:\/\/www.encontrasaoluisma.com.br\/sobre\/wp-json\/wp\/v2\/pages"}],"about":[{"href":"https:\/\/www.encontrasaoluisma.com.br\/sobre\/wp-json\/wp\/v2\/types\/page"}],"author":[{"embeddable":true,"href":"https:\/\/www.encontrasaoluisma.com.br\/sobre\/wp-json\/wp\/v2\/users\/1"}],"replies":[{"embeddable":true,"href":"https:\/\/www.encontrasaoluisma.com.br\/sobre\/wp-json\/wp\/v2\/comments?post=340"}],"version-history":[{"count":2,"href":"https:\/\/www.encontrasaoluisma.com.br\/sobre\/wp-json\/wp\/v2\/pages\/340\/revisions"}],"predecessor-version":[{"id":343,"href":"https:\/\/www.encontrasaoluisma.com.br\/sobre\/wp-json\/wp\/v2\/pages\/340\/revisions\/343"}],"wp:attachment":[{"href":"https:\/\/www.encontrasaoluisma.com.br\/sobre\/wp-json\/wp\/v2\/media?parent=340"}],"curies":[{"name":"wp","href":"https:\/\/api.w.org\/{rel}","templated":true}]}}