{"id":665,"date":"2018-07-23T17:04:23","date_gmt":"2018-07-23T17:04:23","guid":{"rendered":"http:\/\/www.encontrasaoluisma.com.br\/sobre\/?page_id=665"},"modified":"2019-10-30T16:48:58","modified_gmt":"2019-10-30T16:48:58","slug":"shopping-sao-luis","status":"publish","type":"page","link":"https:\/\/www.encontrasaoluisma.com.br\/sobre\/shopping-sao-luis\/","title":{"rendered":"Shopping S\u00e3o Lu\u00eds"},"content":{"rendered":"<div class=\"b2725ec362a26ac90450d31a667f90fe\" data-index=\"1\" style=\"float: none; margin:0px;\">\n<!-- Anuncio display - global -->\r\n<ins class=\"adsbygoogle\"\r\n     style=\"display:block\"\r\n     data-ad-client=\"ca-pub-8585364105181520\"\r\n     data-ad-slot=\"8789329856\"\r\n     data-ad-format=\"auto\"\r\n     data-full-width-responsive=\"true\"><\/ins>\r\n<script>\r\n     (adsbygoogle = window.adsbygoogle || []).push({});\r\n<\/script>\n<\/div>\n<p>Inaugurado em 20 de novembro de 1999, o <strong>S\u00e3o Lu\u00eds Shopping<\/strong> \u00e9 o primeiro com a estrutura de shopping regional do Maranh\u00e3o, segundo classifica\u00e7\u00e3o da ABRASCE.<\/p>\n<p>O shopping \u00e9 um marco no setor comercial do estado do Maranh\u00e3o, apresentava anteriormente um grande mix de lojas, ambientes climatizados, parque de divers\u00e3o, pra\u00e7a de alimenta\u00e7\u00e3o, lazer e mais de 2000 vagas de estacionamento al\u00e9m de um grande cinema, atualmente de propriedade da rede Cin\u00e9polis quarta maior exibidora de filmes do mundo, com 10 salas em formato stadium sendo 01 com projetor 3D digital.<\/p>\n<p><img loading=\"lazy\" decoding=\"async\" class=\"alignnone wp-image-666 size-full\" title=\"Shopping S\u00e3o Lu\u00eds\" src=\"http:\/\/www.encontrasaoluisma.com.br\/sobre\/wp-content\/uploads\/2018\/07\/sao-luisshopping.gif\" alt=\"Shopping S\u00e3o Lu\u00eds\" width=\"680\" height=\"189\" \/><\/p>\n<p>A maioria dos clientes do S\u00e3o Lu\u00eds Shopping fazem parte do p\u00fablico eminentemente jovem, concentrando 70% com a m\u00e9dia de idade de 16 a 35 anos, uma faixa et\u00e1ria fortemente conectada \u00e0s incita\u00e7\u00f5es do mercado, sendo grande parte dela uma das mais ativas profissionalmente (o que tem significado de autonomia financeira e, portanto, capacidade de decis\u00e3o sobre suas escolhas) e a mais \u00e1vida por novas oportunidades e novidades.<\/p>\n<p>Hoje transitam em m\u00e9dia 25.000 pessoas\/dia nas depend\u00eancias do estabelecimento. O S\u00e3o Lu\u00eds Shopping tornou-se um cart\u00e3o de visitas da cidade, parada obrigat\u00f3ria para quem conhece a capital maranhense, o preferido dos formadores de opini\u00e3o e ponto de encontro, entretenimento e divers\u00e3o de toda a fam\u00edlia. Sendo assim, reconhecido como o empreendimento que engloba a tradi\u00e7\u00e3o de ser o primeiro shopping da cidade.<\/p>\n<h2>Shopping\u00a0S\u00e3o Lu\u00eds\u00a0Lojas<\/h2>\n<p>O S\u00e3o Lu\u00eds Shopping reunia inicialmente 150 <em>lojas<\/em> que exibiam grandes marcas nacionais e internacionais distribu\u00eddas em 54.676,00 m\u00b2 de \u00e1rea constru\u00edda.<\/p>\n<h3>Shopping S\u00e3o Luis S\u00e3o Lu\u00eds\u00a0Cinema<\/h3>\n<p><em>O Cinema <\/em>do Shopping \u00e9 da rede Cin\u00e9polis,\u00a0que \u00e9 uma rede de cinemas de luxo com poltronas de couro reclin\u00e1veis, coquet\u00e9is, alimentos sofisticados e servi\u00e7o de gar\u00e7om.<\/p>\n<h3>Shopping S\u00e3o Luis Eventos<\/h3>\n<p>Confira a programa\u00e7\u00e3o de eventos na aba agenda e n\u00e3o perca nada o que acontece no Shopping<\/p>\n<h3>Vagas\u00a0Shopping S\u00e3o Lu\u00eds &#8211; Trabalhe Conosco<\/h3>\n<p>O Shopping S\u00e3o Luis\u00a0disponibiliza <em>vagas de trabalho<\/em> durante todo ano. Para se informar sobre os processos seletivos e se candidatar as vagas acompanhe o site da empresa, onde \u00e9 poss\u00edvel se informar sobre vagas abertas, sal\u00e1rios e compet\u00eancias necess\u00e1rias para se candidatar ao processo.<\/p>\n<h3>Hor\u00e1rio de Funcionamento Shopping S\u00e3o Lu\u00eds<\/h3>\n<ul>\n<li>Segunda a S\u00e1bado das 10h \u00e0s 22h \/ Domingo das 14h \u00e0s 20h<\/li>\n<\/ul>\n<h3>Endere\u00e7o e Telefone Shopping S\u00e3o Lu\u00eds<\/h3>\n<ul>\n<li>Av. Prof. Carlos Cunha, 1000 &#8211; Jaracaty &#8211; S\u00e3o Lu\u00eds &#8211; MA<\/li>\n<li>Telefone: <span class=\"w8qArf\">\u00a0<\/span><span class=\"LrzXr zdqRlf kno-fv\">(98) 3313-3760<\/span><\/li>\n<\/ul>\n<h4>Outras informa\u00e7\u00f5es e site<\/h4>\n<ul>\n<li>Mais informa\u00e7\u00f5es:\u00a0<a href=\"http:\/\/www.saoluisshopping.com\/\" target=\"_blank\" rel=\"noopener noreferrer\">www.saoluisshopping.com<\/a><\/li>\n<\/ul>\n<h4>Mapa de localiza\u00e7\u00e3o<\/h4>\n<a class=\"wp-colorbox-iframe\" href=\"https:\/\/www.google.com\/maps\/embed?pb=!1m18!1m12!1m3!1d3985.9911064579787!2d-44.287116385244154!3d-2.5097886981711626!2m3!1f0!2f0!3f0!3m2!1i1024!2i768!4f13.1!3m3!1m2!1s0x7f68e8092eb784f0xa52ccc6e57653c2a!2sAv.+Prof.+Carlos+Cunha+1000+-+Jaracaty+So+Lus+-+MA+65065-545!5e0!3m2!1spt-BR!2sbr!4v1532365272462\"><img decoding=\"async\" src=\"http:\/\/www.encontrasaoluisma.com.br\/imgs\/maps-post.png\"><\/a>\n\n<div style=\"font-size: 0px; height: 0px; line-height: 0px; margin: 0; padding: 0; clear: both;\"><\/div>","protected":false},"excerpt":{"rendered":"<p>Inaugurado em 20 de novembro de 1999, o S\u00e3o Lu\u00eds Shopping \u00e9 o primeiro com a estrutura de shopping regional do Maranh\u00e3o, segundo classifica\u00e7\u00e3o da ABRASCE. O shopping \u00e9 um marco no setor comercial do estado do Maranh\u00e3o, apresentava anteriormente um grande mix de lojas, ambientes climatizados, parque de divers\u00e3o, pra\u00e7a de alimenta\u00e7\u00e3o, lazer e mais de 2000 vagas de estacionamento al\u00e9m de um grande cinema, atualmente de propriedade da rede Cin\u00e9polis quarta maior exibidora de filmes do mundo, com 10 salas em formato stadium sendo 01 com projetor 3D digital. A maioria dos clientes do S\u00e3o Lu\u00eds Shopping fazem <\/p>\n","protected":false},"author":1,"featured_media":0,"parent":0,"menu_order":0,"comment_status":"closed","ping_status":"closed","template":"","meta":{"footnotes":""},"class_list":["post-665","page","type-page","status-publish","hentry"],"_links":{"self":[{"href":"https:\/\/www.encontrasaoluisma.com.br\/sobre\/wp-json\/wp\/v2\/pages\/665","targetHints":{"allow":["GET"]}}],"collection":[{"href":"https:\/\/www.encontrasaoluisma.com.br\/sobre\/wp-json\/wp\/v2\/pages"}],"about":[{"href":"https:\/\/www.encontrasaoluisma.com.br\/sobre\/wp-json\/wp\/v2\/types\/page"}],"author":[{"embeddable":true,"href":"https:\/\/www.encontrasaoluisma.com.br\/sobre\/wp-json\/wp\/v2\/users\/1"}],"replies":[{"embeddable":true,"href":"https:\/\/www.encontrasaoluisma.com.br\/sobre\/wp-json\/wp\/v2\/comments?post=665"}],"version-history":[{"count":4,"href":"https:\/\/www.encontrasaoluisma.com.br\/sobre\/wp-json\/wp\/v2\/pages\/665\/revisions"}],"predecessor-version":[{"id":2136,"href":"https:\/\/www.encontrasaoluisma.com.br\/sobre\/wp-json\/wp\/v2\/pages\/665\/revisions\/2136"}],"wp:attachment":[{"href":"https:\/\/www.encontrasaoluisma.com.br\/sobre\/wp-json\/wp\/v2\/media?parent=665"}],"curies":[{"name":"wp","href":"https:\/\/api.w.org\/{rel}","templated":true}]}}