{"id":774,"date":"2018-08-02T00:08:42","date_gmt":"2018-08-02T00:08:42","guid":{"rendered":"http:\/\/www.encontrasaoluisma.com.br\/sobre\/?page_id=774"},"modified":"2019-11-02T10:39:35","modified_gmt":"2019-11-02T10:39:35","slug":"golden-shopping-sao-luis","status":"publish","type":"page","link":"https:\/\/www.encontrasaoluisma.com.br\/sobre\/golden-shopping-sao-luis\/","title":{"rendered":"Golden Shopping S\u00e3o Luis"},"content":{"rendered":"<div class=\"b2725ec362a26ac90450d31a667f90fe\" data-index=\"1\" style=\"float: none; margin:0px;\">\n<!-- Anuncio display - global -->\r\n<ins class=\"adsbygoogle\"\r\n     style=\"display:block\"\r\n     data-ad-client=\"ca-pub-8585364105181520\"\r\n     data-ad-slot=\"8789329856\"\r\n     data-ad-format=\"auto\"\r\n     data-full-width-responsive=\"true\"><\/ins>\r\n<script>\r\n     (adsbygoogle = window.adsbygoogle || []).push({});\r\n<\/script>\n<\/div>\n<p>O <strong>Golden Shopping S\u00e3o Luis<\/strong> tem um projeto \u00fanico, com um conceito inovador.\u00a0Localizado a poucos metros da principal praia do litoral ludovicense, o Golden Shopping Calhau est\u00e1 situado na Avenida dos Holandeses, uma das \u00e1reas mais nobres e que concentra um importante polo econ\u00f4mico da capital.<\/p>\n<p>Com mais de 75.000 m\u00b2 de \u00e1rea constru\u00edda, um mix de lojas variadas e com uma moderna pra\u00e7a de alimenta\u00e7\u00e3o, oferecendo diversas op\u00e7\u00f5es de lazer e entretenimento.<\/p>\n<p><img loading=\"lazy\" decoding=\"async\" class=\"alignnone wp-image-775 size-full\" title=\"Golden Shopping S\u00e3o Luis\" src=\"http:\/\/www.encontrasaoluisma.com.br\/sobre\/wp-content\/uploads\/2018\/08\/golden-shopping-sao-luis.gif\" alt=\"Golden Shopping S\u00e3o Luis\" width=\"680\" height=\"189\" \/><\/p>\n<h2>Golden Shopping\u00a0S\u00e3o Lu\u00eds Kinoplex<\/h2>\n<p>O <em>Kinoplex<\/em> est\u00e1 presente no Golden Shopping, salas modernas e confort\u00e1veis para garantir sua divers\u00e3o. Confira a programa\u00e7\u00e3o semanal das exibi\u00e7\u00f5es no site.<\/p>\n<h3>Golden Shopping S\u00e3o Lu\u00eds Estacionamento<\/h3>\n<p>Amplo <em>estacionamento<\/em> com mais de 1.300 vagas cobertas e com toda seguran\u00e7a que voc\u00ea e sua fam\u00edlia, ou seus clientes merecem.<\/p>\n<h3>Vagas\u00a0Golden Shopping\u00a0S\u00e3o Lu\u00eds &#8211; Trabalhe Conosco<\/h3>\n<p>Atitude, responsabilidade, resili\u00eancia, criatividade, comprometimento para resultado, e saber trabalhar em equipe s\u00e3o algumas compet\u00eancias necess\u00e1rias para fazer parte do time. Se voc\u00ea tem esse perfil e est\u00e1 em busca de oportunidades em uma empresa l\u00edder de mercado envie agora mesmo seu curr\u00edculo para a NOMEDEEMPRESA S\u00e3o Lu\u00eds.<\/p>\n<h3>Hor\u00e1rio de Funcionamento Golden Shopping em S\u00e3o Lu\u00eds<\/h3>\n<ul>\n<li>Segunda a S\u00e1bado das 10h \u00e0s 22h \/ Domingo das\u00a0 14h \u00e0s 20h<\/li>\n<\/ul>\n<h3>Endere\u00e7o e Telefone Golden Shopping em S\u00e3o Lu\u00eds<\/h3>\n<ul>\n<li>Av. dos Holandeses, 200 &#8211; Calhau &#8211; S\u00e3o Lu\u00eds &#8211; MA<\/li>\n<li>Telefone: (98) 3227-5888<\/li>\n<\/ul>\n<h4>Outras informa\u00e7\u00f5es e site<\/h4>\n<ul>\n<li>Mais informa\u00e7\u00f5es:\u00a0<a href=\"http:\/\/www.goldenshoppingcalhau.com.br\/\" target=\"_blank\" rel=\"noopener noreferrer\">www.goldenshoppingcalhau.com.br<\/a><\/li>\n<\/ul>\n<h4>Mapa de localiza\u00e7\u00e3o<\/h4>\n<a class=\"wp-colorbox-iframe\" href=\"https:\/\/www.google.com\/maps\/embed?pb=!1m14!1m8!1m3!1d15944.180664167334!2d-44.2635552!3d-2.4919974!3m2!1i1024!2i768!4f13.1!3m3!1m2!1s0x00xa247ef8c610ab2af!2sGolden+Shopping+Calhau!5e0!3m2!1spt-BR!2sbr!4v1533168294729\"><img decoding=\"async\" src=\"http:\/\/www.encontrasaoluisma.com.br\/imgs\/maps-post.png\"><\/a>\n\n<div style=\"font-size: 0px; height: 0px; line-height: 0px; margin: 0; padding: 0; clear: both;\"><\/div>","protected":false},"excerpt":{"rendered":"<p>O Golden Shopping S\u00e3o Luis tem um projeto \u00fanico, com um conceito inovador.\u00a0Localizado a poucos metros da principal praia do litoral ludovicense, o Golden Shopping Calhau est\u00e1 situado na Avenida dos Holandeses, uma das \u00e1reas mais nobres e que concentra um importante polo econ\u00f4mico da capital. Com mais de 75.000 m\u00b2 de \u00e1rea constru\u00edda, um mix de lojas variadas e com uma moderna pra\u00e7a de alimenta\u00e7\u00e3o, oferecendo diversas op\u00e7\u00f5es de lazer e entretenimento. Golden Shopping\u00a0S\u00e3o Lu\u00eds Kinoplex O Kinoplex est\u00e1 presente no Golden Shopping, salas modernas e confort\u00e1veis para garantir sua divers\u00e3o. Confira a programa\u00e7\u00e3o semanal das exibi\u00e7\u00f5es no site. <\/p>\n","protected":false},"author":1,"featured_media":0,"parent":0,"menu_order":0,"comment_status":"closed","ping_status":"closed","template":"","meta":{"footnotes":""},"class_list":["post-774","page","type-page","status-publish","hentry"],"_links":{"self":[{"href":"https:\/\/www.encontrasaoluisma.com.br\/sobre\/wp-json\/wp\/v2\/pages\/774","targetHints":{"allow":["GET"]}}],"collection":[{"href":"https:\/\/www.encontrasaoluisma.com.br\/sobre\/wp-json\/wp\/v2\/pages"}],"about":[{"href":"https:\/\/www.encontrasaoluisma.com.br\/sobre\/wp-json\/wp\/v2\/types\/page"}],"author":[{"embeddable":true,"href":"https:\/\/www.encontrasaoluisma.com.br\/sobre\/wp-json\/wp\/v2\/users\/1"}],"replies":[{"embeddable":true,"href":"https:\/\/www.encontrasaoluisma.com.br\/sobre\/wp-json\/wp\/v2\/comments?post=774"}],"version-history":[{"count":4,"href":"https:\/\/www.encontrasaoluisma.com.br\/sobre\/wp-json\/wp\/v2\/pages\/774\/revisions"}],"predecessor-version":[{"id":2182,"href":"https:\/\/www.encontrasaoluisma.com.br\/sobre\/wp-json\/wp\/v2\/pages\/774\/revisions\/2182"}],"wp:attachment":[{"href":"https:\/\/www.encontrasaoluisma.com.br\/sobre\/wp-json\/wp\/v2\/media?parent=774"}],"curies":[{"name":"wp","href":"https:\/\/api.w.org\/{rel}","templated":true}]}}