{"id":789,"date":"2018-08-08T13:21:33","date_gmt":"2018-08-08T13:21:33","guid":{"rendered":"http:\/\/www.encontrasaoluisma.com.br\/sobre\/?page_id=789"},"modified":"2019-11-02T11:06:26","modified_gmt":"2019-11-02T11:06:26","slug":"sesc-sao-luis","status":"publish","type":"page","link":"https:\/\/www.encontrasaoluisma.com.br\/sobre\/sesc-sao-luis\/","title":{"rendered":"Sesc S\u00e3o Luis"},"content":{"rendered":"<div class=\"b2725ec362a26ac90450d31a667f90fe\" data-index=\"1\" style=\"float: none; margin:0px;\">\n<!-- Anuncio display - global -->\r\n<ins class=\"adsbygoogle\"\r\n     style=\"display:block\"\r\n     data-ad-client=\"ca-pub-8585364105181520\"\r\n     data-ad-slot=\"8789329856\"\r\n     data-ad-format=\"auto\"\r\n     data-full-width-responsive=\"true\"><\/ins>\r\n<script>\r\n     (adsbygoogle = window.adsbygoogle || []).push({});\r\n<\/script>\n<\/div>\n<div>O\u00a0Sesc \u2013 Servi\u00e7o Social do Com\u00e9rcio\u00a0nasceu do esfor\u00e7o da iniciativa privada interessada em promover o bem-estar social e a melhoria da qualidade de vida dos comerci\u00e1rios, funcion\u00e1rios das empresas que atuam na \u00e1rea do com\u00e9rcio de bens, servi\u00e7os e turismo, e de seus familiares .<\/div>\n<div><\/div>\n<div>O\u00a0<strong>Sesc S\u00e3o Luis<\/strong>\u00a0atua nas seguintes \u00e1reas: Educa\u00e7\u00e3o, que abrangem a Educa\u00e7\u00e3o Infantil, Educa\u00e7\u00e3o Fundamental, Ensino M\u00e9dio e Educa\u00e7\u00e3o Complementar; Sa\u00fade, com atendimentos de servi\u00e7os de nutri\u00e7\u00e3o, sa\u00fade bucal e assist\u00eancia m\u00e9dica;<\/div>\n<p><img loading=\"lazy\" decoding=\"async\" class=\"alignnone wp-image-790 size-full\" title=\"Sesc S\u00e3o Luis\" src=\"http:\/\/www.encontrasaoluisma.com.br\/sobre\/wp-content\/uploads\/2018\/08\/sesc-sao-luis.gif\" alt=\"Sesc S\u00e3o Luis\" width=\"680\" height=\"189\" \/><\/p>\n<p>Cultura, com os servi\u00e7os de bibliotecas, apresenta\u00e7\u00f5es e desenvolvimento art\u00edsticos e cultural; Lazer, com desenvolvimento f\u00edsico-esportivo, abrangem cursos em diferentes modalidades esportivas, recrea\u00e7\u00f5es e turismo social com passeios, excurs\u00f5es e hospedagens; Assist\u00eancia, desenvolvendo trabalho com grupos.<\/p>\n<h2>SESC S\u00e3o Luis Clube<\/h2>\n<p>O acesso\u00a0ao<em>\u00a0clube do Sesc S\u00e3o Luis<\/em>\u00a0pode ser feita apenas por credenciados no\u00a0<em>Sesc.<\/em>\u00a0As mudan\u00e7as no acesso t\u00eam como objetivo qualificar o atendimento do p\u00fablico priorit\u00e1rio. Para acesso a piscina o s\u00f3cio deve estar com seu exame dermatol\u00f3gico em dia.<\/p>\n<h3>Sesc S\u00e3o Luis \u2013 Reservas<\/h3>\n<p>Para viajar com o Sesc, veja a programa\u00e7\u00e3o dos roteiros e\u00a0<em>reserve sua passagem<\/em>\u00a0na administra\u00e7\u00e3o e divirta-se.<\/p>\n<h3>Sesc S\u00e3o Luis Lazer<\/h3>\n<p>Principal operador de turismo social do Brasil, o Sesc atua com a miss\u00e3o de favorecer a incorpora\u00e7\u00e3o de pessoas de baixa renda ao movimento tur\u00edstico, em especial aos trabalhadores do com\u00e9rcio de bens e servi\u00e7os e seus dependentes.\u00a0O Sesc oferece uma extensa programa\u00e7\u00e3o de\u00a0<em>passeios e excurs\u00f5es<\/em>\u00a0elaborados por profissionais especializados, com roteiros que valorizam sempre a cultura regional e a preserva\u00e7\u00e3o do meio ambiente.<\/p>\n<p>No Sesc, mais do que a simples oferta de excurs\u00f5es e passeios, o turismo social \u00e9 pautado por valores como democracia, exerc\u00edcio da cidadania, inclus\u00e3o, acessibilidade e solidariedade, garantido que sua clientela principal \u2013 o comerci\u00e1rio e seus dependentes \u2013 tenha acesso a todas as atividades oferecidas, atrav\u00e9s da pr\u00e1tica de pre\u00e7os justos, abaixo do mercado hoteleiro.<\/p>\n<h3>Sesc S\u00e3o Luis Cultura<\/h3>\n<p>O Sesc est\u00e1 em todo pa\u00eds para democratizar o acesso dos cidad\u00e3os ao cinema, teatro, concertos, museus e bibliotecas. Por isso, entrela\u00e7a entretenimento e divers\u00e3o com educa\u00e7\u00e3o para promover cultura de qualidade e ajudar na forma\u00e7\u00e3o l\u00fadica de milh\u00f5es de brasileiros. Grande parte das atra\u00e7\u00f5es culturais do Sesc s\u00e3o gratuitas e chegam em locais que geralmente n\u00e3o recebem circuitos comerciais.<\/p>\n<p>O Sesc leva o cinema \u00e0s pra\u00e7as e o teatro para as ruas. Promove shows e exposi\u00e7\u00f5es, festivais e saraus sobre temas populares referentes \u00e0s nossas m\u00faltiplas culturas, realidades e sociedades. Ensina a fazer Cultura por meio de cursos, oficinas e palestras que se multiplicam nas unidades. Al\u00e9m de fomentar a produ\u00e7\u00e3o cultural, contribuir com o processo global de educa\u00e7\u00e3o, criando condi\u00e7\u00f5es para que a arte se torne um real instrumento de transforma\u00e7\u00e3o dos indiv\u00edduos, grupos e sociedades.<\/p>\n<p>Ao se constituir em espa\u00e7o de ocorr\u00eancia de manifesta\u00e7\u00f5es\u00a0<em>art\u00edstico-culturais<\/em>, o Sesc pretende criar condi\u00e7\u00f5es de aperfei\u00e7oamento da produ\u00e7\u00e3o cultural brasileira, de melhoria do n\u00edvel intelectual de sua clientela e da popula\u00e7\u00e3o em geral \u2013 al\u00e9m de responder \u00e0s suas necessidades culturais de lazer, entretenimento e reflex\u00e3o \u2013 e o fortalecimento da identidade nacional.<\/p>\n<h3>Vagas Sesc S\u00e3o Luis \u2013 Trabalhe Conosco<\/h3>\n<p>O Sesc S\u00e3o Luis disponibiliza\u00a0<em>vagas de trabalho<\/em>\u00a0durante todo ano. Para se informar sobre os processos seletivos e se candidatar as vagas acompanhe o site da empresa, onde \u00e9 poss\u00edvel se informar sobre vagas abertas, sal\u00e1rios e compet\u00eancias necess\u00e1rias para se candidatar ao processo.<\/p>\n<h3>Hor\u00e1rio de Funcionamento Sesc\u00a0em S\u00e3o Luis<\/h3>\n<ul>\n<li>Segunda\u00a0a Sexta das 08h30 \u00e0s 17h<\/li>\n<\/ul>\n<h3>Endere\u00e7o e Telefone Sesc\u00a0em S\u00e3o Luis<\/h3>\n<ul>\n<li class=\"item\">Av. Silva Maia, 164 &#8211; Centro, S\u00e3o Lu\u00eds &#8211; MA<\/li>\n<li class=\"item\">Telefone: (98) 3215-1500<\/li>\n<\/ul>\n<h4>Outras informa\u00e7\u00f5es e site<\/h4>\n<ul>\n<li>Mais informa\u00e7\u00f5es:\u00a0<a href=\"https:\/\/www.sescma.com.br\/\" target=\"_blank\" rel=\"noopener noreferrer\">www.sescma.com.br<\/a><\/li>\n<\/ul>\n<h4>Mapa de localiza\u00e7\u00e3o Centro<\/h4>\n<a class=\"wp-colorbox-iframe\" href=\"https:\/\/www.google.com\/maps\/embed?pb=!1m14!1m8!1m3!1d15943.7206713697!2d-44.294761!3d-2.529694!3m2!1i1024!2i768!4f13.1!3m3!1m2!1s0x00x62e39b5d4b47752e!2sSesc+Maranho!5e0!3m2!1spt-BR!2sbr!4v1533734305316\"><img decoding=\"async\" src=\"http:\/\/www.encontrasaoluisma.com.br\/imgs\/maps-post.png\"><\/a>\n\n<div style=\"font-size: 0px; height: 0px; line-height: 0px; margin: 0; padding: 0; clear: both;\"><\/div>","protected":false},"excerpt":{"rendered":"<p>O\u00a0Sesc \u2013 Servi\u00e7o Social do Com\u00e9rcio\u00a0nasceu do esfor\u00e7o da iniciativa privada interessada em promover o bem-estar social e a melhoria da qualidade de vida dos comerci\u00e1rios, funcion\u00e1rios das empresas que atuam na \u00e1rea do com\u00e9rcio de bens, servi\u00e7os e turismo, e de seus familiares . O\u00a0Sesc S\u00e3o Luis\u00a0atua nas seguintes \u00e1reas: Educa\u00e7\u00e3o, que abrangem a Educa\u00e7\u00e3o Infantil, Educa\u00e7\u00e3o Fundamental, Ensino M\u00e9dio e Educa\u00e7\u00e3o Complementar; Sa\u00fade, com atendimentos de servi\u00e7os de nutri\u00e7\u00e3o, sa\u00fade bucal e assist\u00eancia m\u00e9dica; Cultura, com os servi\u00e7os de bibliotecas, apresenta\u00e7\u00f5es e desenvolvimento art\u00edsticos e cultural; Lazer, com desenvolvimento f\u00edsico-esportivo, abrangem cursos em diferentes modalidades esportivas, recrea\u00e7\u00f5es e <\/p>\n","protected":false},"author":1,"featured_media":0,"parent":0,"menu_order":0,"comment_status":"closed","ping_status":"closed","template":"","meta":{"footnotes":""},"class_list":["post-789","page","type-page","status-publish","hentry"],"_links":{"self":[{"href":"https:\/\/www.encontrasaoluisma.com.br\/sobre\/wp-json\/wp\/v2\/pages\/789","targetHints":{"allow":["GET"]}}],"collection":[{"href":"https:\/\/www.encontrasaoluisma.com.br\/sobre\/wp-json\/wp\/v2\/pages"}],"about":[{"href":"https:\/\/www.encontrasaoluisma.com.br\/sobre\/wp-json\/wp\/v2\/types\/page"}],"author":[{"embeddable":true,"href":"https:\/\/www.encontrasaoluisma.com.br\/sobre\/wp-json\/wp\/v2\/users\/1"}],"replies":[{"embeddable":true,"href":"https:\/\/www.encontrasaoluisma.com.br\/sobre\/wp-json\/wp\/v2\/comments?post=789"}],"version-history":[{"count":4,"href":"https:\/\/www.encontrasaoluisma.com.br\/sobre\/wp-json\/wp\/v2\/pages\/789\/revisions"}],"predecessor-version":[{"id":2186,"href":"https:\/\/www.encontrasaoluisma.com.br\/sobre\/wp-json\/wp\/v2\/pages\/789\/revisions\/2186"}],"wp:attachment":[{"href":"https:\/\/www.encontrasaoluisma.com.br\/sobre\/wp-json\/wp\/v2\/media?parent=789"}],"curies":[{"name":"wp","href":"https:\/\/api.w.org\/{rel}","templated":true}]}}