{"id":799,"date":"2018-08-08T13:42:44","date_gmt":"2018-08-08T13:42:44","guid":{"rendered":"http:\/\/www.encontrasaoluisma.com.br\/sobre\/?page_id=799"},"modified":"2019-11-12T16:06:57","modified_gmt":"2019-11-12T16:06:57","slug":"semed-sao-luis","status":"publish","type":"page","link":"https:\/\/www.encontrasaoluisma.com.br\/sobre\/semed-sao-luis\/","title":{"rendered":"Semed S\u00e3o Luis"},"content":{"rendered":"<div class=\"b2725ec362a26ac90450d31a667f90fe\" data-index=\"1\" style=\"float: none; margin:0px;\">\n<!-- Anuncio display - global -->\r\n<ins class=\"adsbygoogle\"\r\n     style=\"display:block\"\r\n     data-ad-client=\"ca-pub-8585364105181520\"\r\n     data-ad-slot=\"8789329856\"\r\n     data-ad-format=\"auto\"\r\n     data-full-width-responsive=\"true\"><\/ins>\r\n<script>\r\n     (adsbygoogle = window.adsbygoogle || []).push({});\r\n<\/script>\n<\/div>\n<p>A Semed \u00e9 um \u00f3rg\u00e3o p\u00fablico respons\u00e1vel pela viabiliza\u00e7\u00e3o da educa\u00e7\u00e3o nos n\u00edveis infantil e fundamental e nas modalidades de educa\u00e7\u00e3o especial, e de jovens e adultos que n\u00e3o conclu\u00edram o ensino fundamental. \u00c9 respons\u00e1vel pela gest\u00e3o das pol\u00edticas p\u00fablicas voltadas para a \u00e1rea da Educa\u00e7\u00e3o do munic\u00edpio de S\u00e3o Lu\u00eds e por organizar, manter e desenvolver os \u00f3rg\u00e3os e institui\u00e7\u00f5es oficiais dos sistemas de ensino, integrando-os \u00e0s pol\u00edticas e planos educacionais da Uni\u00e3o e dos Estados.<\/p>\n<p>Atualmente, a <strong>Semed S\u00e3o Luis<\/strong> possui sob gest\u00e3o 05 edif\u00edcios administrativos, 170 unidades de Educa\u00e7\u00e3o B\u00e1sica e aproximadamente 60 anexos de escolas.\u00a0<img loading=\"lazy\" decoding=\"async\" class=\"alignnone wp-image-800 size-full\" title=\"Semed S\u00e3o Luis\" src=\"http:\/\/www.encontrasaoluisma.com.br\/sobre\/wp-content\/uploads\/2018\/08\/semed-sao-luis.gif\" alt=\"Semed S\u00e3o Luis\" width=\"680\" height=\"189\" \/><\/p>\n<p>Tamb\u00e9m est\u00e3o sob administra\u00e7\u00e3o do referido \u00f3rg\u00e3o p\u00fablico mais de oito mil profissionais do Magist\u00e9rio e aproximadamente 93 mil alunos.<\/p>\n<h2>Semed S\u00e3o Lu\u00eds Hist\u00f3ria<\/h2>\n<p>Inicialmente, por volta da d\u00e9cada de 1910, a Secretaria Municipal de Educa\u00e7\u00e3o, possu\u00eda o nome de &#8220;Instru\u00e7\u00e3o P\u00fablica Municipal&#8221;. Ao longo dos anos, a secretaria obteve as seguintes denomina\u00e7\u00f5es sucessivamente: &#8220;Departamento de Educa\u00e7\u00e3o&#8221;, &#8220;Secretaria de Educa\u00e7\u00e3o e A\u00e7\u00e3o Comunit\u00e1ria&#8221;, &#8220;Secretaria de Educa\u00e7\u00e3o e Cultura&#8221; e por fim, com o desligamento entre educa\u00e7\u00e3o e cultura, passou a se chamar &#8220;Secretaria Municipal de Educa\u00e7\u00e3o (Semed)&#8221;.<\/p>\n<p>A Secretaria foi institu\u00edda nos termos da Lei n\u00ba 1.847 de 10 de janeiro de 1996.<\/p>\n<h3>Semed S\u00e3o Lu\u00eds Concursos<\/h3>\n<p>Fique atento ao site do Semed e n\u00e3o perca as datas dos <em>concursos<\/em> da casa.<\/p>\n<h3>Hor\u00e1rio de Funcionamento\u00a0Semed em S\u00e3o Lu\u00eds<\/h3>\n<ul>\n<li>Segunda a Sexta das 08h \u00e0s 17h<\/li>\n<\/ul>\n<h3>Endere\u00e7o e Telefone\u00a0Semed em S\u00e3o Lu\u00eds<\/h3>\n<ul>\n<li>R. Sete de Setembro, 238 &#8211; Centro &#8211; S\u00e3o Lu\u00eds &#8211; MA<\/li>\n<li>Telefone: (98) 3212-8226<\/li>\n<\/ul>\n<h4>Outras informa\u00e7\u00f5es e site<\/h4>\n<ul>\n<li>Mais informa\u00e7\u00f5es:\u00a0<a href=\"https:\/\/www.saoluis.ma.gov.br\/semed\" target=\"_blank\" rel=\"noopener noreferrer\">www.saoluis.ma.gov.br\/semed<\/a><\/li>\n<\/ul>\n<h4>Mapa de localiza\u00e7\u00e3o<\/h4>\n<a class=\"wp-colorbox-iframe\" href=\"https:\/\/www.google.com\/maps\/embed?pb=!1m14!1m8!1m3!1d15943.750865630178!2d-44.3010848!3d-2.5272368!3m2!1i1024!2i768!4f13.1!3m3!1m2!1s0x00x462b9b59cd006578!2sSemed!5e0!3m2!1spt-BR!2sbr!4v1533735557998\"><img decoding=\"async\" src=\"http:\/\/www.encontrasaoluisma.com.br\/imgs\/maps-post.png\"><\/a>\n\n<div style=\"font-size: 0px; height: 0px; line-height: 0px; margin: 0; padding: 0; clear: both;\"><\/div>","protected":false},"excerpt":{"rendered":"<p>A Semed \u00e9 um \u00f3rg\u00e3o p\u00fablico respons\u00e1vel pela viabiliza\u00e7\u00e3o da educa\u00e7\u00e3o nos n\u00edveis infantil e fundamental e nas modalidades de educa\u00e7\u00e3o especial, e de jovens e adultos que n\u00e3o conclu\u00edram o ensino fundamental. \u00c9 respons\u00e1vel pela gest\u00e3o das pol\u00edticas p\u00fablicas voltadas para a \u00e1rea da Educa\u00e7\u00e3o do munic\u00edpio de S\u00e3o Lu\u00eds e por organizar, manter e desenvolver os \u00f3rg\u00e3os e institui\u00e7\u00f5es oficiais dos sistemas de ensino, integrando-os \u00e0s pol\u00edticas e planos educacionais da Uni\u00e3o e dos Estados. Atualmente, a Semed S\u00e3o Luis possui sob gest\u00e3o 05 edif\u00edcios administrativos, 170 unidades de Educa\u00e7\u00e3o B\u00e1sica e aproximadamente 60 anexos de escolas.\u00a0 Tamb\u00e9m <\/p>\n","protected":false},"author":1,"featured_media":0,"parent":0,"menu_order":0,"comment_status":"closed","ping_status":"closed","template":"","meta":{"footnotes":""},"class_list":["post-799","page","type-page","status-publish","hentry"],"_links":{"self":[{"href":"https:\/\/www.encontrasaoluisma.com.br\/sobre\/wp-json\/wp\/v2\/pages\/799","targetHints":{"allow":["GET"]}}],"collection":[{"href":"https:\/\/www.encontrasaoluisma.com.br\/sobre\/wp-json\/wp\/v2\/pages"}],"about":[{"href":"https:\/\/www.encontrasaoluisma.com.br\/sobre\/wp-json\/wp\/v2\/types\/page"}],"author":[{"embeddable":true,"href":"https:\/\/www.encontrasaoluisma.com.br\/sobre\/wp-json\/wp\/v2\/users\/1"}],"replies":[{"embeddable":true,"href":"https:\/\/www.encontrasaoluisma.com.br\/sobre\/wp-json\/wp\/v2\/comments?post=799"}],"version-history":[{"count":4,"href":"https:\/\/www.encontrasaoluisma.com.br\/sobre\/wp-json\/wp\/v2\/pages\/799\/revisions"}],"predecessor-version":[{"id":2189,"href":"https:\/\/www.encontrasaoluisma.com.br\/sobre\/wp-json\/wp\/v2\/pages\/799\/revisions\/2189"}],"wp:attachment":[{"href":"https:\/\/www.encontrasaoluisma.com.br\/sobre\/wp-json\/wp\/v2\/media?parent=799"}],"curies":[{"name":"wp","href":"https:\/\/api.w.org\/{rel}","templated":true}]}}